{"id":328,"date":"2022-04-05T08:08:05","date_gmt":"2022-04-05T08:08:05","guid":{"rendered":"https:\/\/wonderdeer.pl\/about\/"},"modified":"2024-01-14T09:26:34","modified_gmt":"2024-01-14T08:26:34","slug":"o-nas","status":"publish","type":"page","link":"https:\/\/wonderdeer.pl\/pl\/o-nas\/","title":{"rendered":"O nas"},"content":{"rendered":"\n<div class=\"wp-block-uagb-container uagb-block-569d153c alignfull uagb-is-root-container\"><div class=\"uagb-container-inner-blocks-wrap\">\n<div class=\"wp-block-uagb-container uagb-block-08bcd5b3 alignfull uagb-is-root-container\"><div class=\"uagb-container-inner-blocks-wrap\">\n<div class=\"wp-block-uagb-container uagb-block-cd511a8e\">\n<div class=\"wp-block-uagb-image uagb-block-85bc0136 wp-block-uagb-image--layout-default wp-block-uagb-image--effect-static wp-block-uagb-image--align-none\"><figure class=\"wp-block-uagb-image__figure\"><img decoding=\"async\" srcset=\"https:\/\/wonderdeer.pl\/wp-content\/uploads\/2023\/12\/80-1024x683.webp ,https:\/\/wonderdeer.pl\/wp-content\/uploads\/2023\/12\/80-scaled.webp 780w, https:\/\/wonderdeer.pl\/wp-content\/uploads\/2023\/12\/80-scaled.webp 360w\" sizes=\"auto, (max-width: 480px) 150px\" src=\"https:\/\/wonderdeer.pl\/wp-content\/uploads\/2023\/12\/80-1024x683.webp\" alt=\"\" class=\"uag-image-940\" width=\"612\" height=\"399\" title=\"\" loading=\"lazy\"\/><\/figure><\/div>\n<\/div>\n\n\n\n<div class=\"wp-block-uagb-container uagb-block-ad0bf323\">\n<div class=\"wp-block-uagb-info-box uagb-block-229f40af uagb-infobox__content-wrap  uagb-infobox-icon-above-title uagb-infobox-image-valign-top\"><div class=\"uagb-ifb-content\"><div class=\"uagb-ifb-title-wrap\"><h2 class=\"uagb-ifb-title\">Witamy<br><\/h2><\/div><p class=\"uagb-ifb-desc\">Idea naszych prac zrodzi\u0142a si\u0119 w roku 2013.\u00a0 Wykorzystuj\u0105c surowce naturalne i osi\u0105gni\u0119cia wsp\u00f3\u0142czesnej techniki, tworzymy  niepowtarzalne prace.\u00a0 Ka\u017cda z nich jest jedyna i niepowtarzalna, nie ma dw\u00f3ch identycznych \u0142opat daniela, r\u00f3\u017c jelenia czy pi\u00f3r ptak\u00f3w. U\u017cyte motywy, s\u0142owa \u017cycze\u0144 mo\u017cna jednak zawsze powt\u00f3rzy\u0107 lub skomponowa\u0107 wed\u0142ug w\u0142asnego pomys\u0142u.<br>Zapraszamy na spotkanie z nami i czerpanie inspiracji i pomys\u0142\u00f3w, <br>z kt\u00f3rych my ch\u0119tnie wyczarujemy rzeczywiste prezenty i upominki dla ka\u017cdego.<\/p><\/div><\/div>\n<\/div>\n<\/div><\/div>\n<\/div><\/div>\n","protected":false},"excerpt":{"rendered":"","protected":false},"author":1,"featured_media":0,"parent":0,"menu_order":0,"comment_status":"closed","ping_status":"closed","template":"","meta":{"_acf_changed":false,"_uag_custom_page_level_css":"","site-sidebar-layout":"no-sidebar","site-content-layout":"plain-container","ast-site-content-layout":"normal-width-container","site-content-style":"unboxed","site-sidebar-style":"unboxed","ast-global-header-display":"","ast-banner-title-visibility":"","ast-main-header-display":"","ast-hfb-above-header-display":"","ast-hfb-below-header-display":"","ast-hfb-mobile-header-display":"","site-post-title":"disabled","ast-breadcrumbs-content":"","ast-featured-img":"disabled","footer-sml-layout":"","ast-disable-related-posts":"","theme-transparent-header-meta":"default","adv-header-id-meta":"","stick-header-meta":"","header-above-stick-meta":"","header-main-stick-meta":"","header-below-stick-meta":"","astra-migrate-meta-layouts":"set","ast-page-background-enabled":"default","ast-page-background-meta":{"desktop":{"background-color":"var(--ast-global-color-4)","background-image":"","background-repeat":"repeat","background-position":"center center","background-size":"auto","background-attachment":"scroll","background-type":"","background-media":"","overlay-type":"","overlay-color":"","overlay-opacity":"","overlay-gradient":""},"tablet":{"background-color":"","background-image":"","background-repeat":"repeat","background-position":"center center","background-size":"auto","background-attachment":"scroll","background-type":"","background-media":"","overlay-type":"","overlay-color":"","overlay-opacity":"","overlay-gradient":""},"mobile":{"background-color":"","background-image":"","background-repeat":"repeat","background-position":"center center","background-size":"auto","background-attachment":"scroll","background-type":"","background-media":"","overlay-type":"","overlay-color":"","overlay-opacity":"","overlay-gradient":""}},"ast-content-background-meta":{"desktop":{"background-color":"var(--ast-global-color-5)","background-image":"","background-repeat":"repeat","background-position":"center center","background-size":"auto","background-attachment":"scroll","background-type":"","background-media":"","overlay-type":"","overlay-color":"","overlay-opacity":"","overlay-gradient":""},"tablet":{"background-color":"var(--ast-global-color-5)","background-image":"","background-repeat":"repeat","background-position":"center center","background-size":"auto","background-attachment":"scroll","background-type":"","background-media":"","overlay-type":"","overlay-color":"","overlay-opacity":"","overlay-gradient":""},"mobile":{"background-color":"var(--ast-global-color-5)","background-image":"","background-repeat":"repeat","background-position":"center center","background-size":"auto","background-attachment":"scroll","background-type":"","background-media":"","overlay-type":"","overlay-color":"","overlay-opacity":"","overlay-gradient":""}},"footnotes":""},"class_list":["post-328","page","type-page","status-publish","hentry"],"acf":[],"uagb_featured_image_src":{"full":false,"thumbnail":false,"medium":false,"medium_large":false,"large":false,"1536x1536":false,"2048x2048":false,"trp-custom-language-flag":false},"uagb_author_info":{"display_name":"ncoder","author_link":"https:\/\/wonderdeer.pl\/pl\/author\/ncoder\/"},"uagb_comment_info":0,"uagb_excerpt":null,"_links":{"self":[{"href":"https:\/\/wonderdeer.pl\/pl\/wp-json\/wp\/v2\/pages\/328","targetHints":{"allow":["GET"]}}],"collection":[{"href":"https:\/\/wonderdeer.pl\/pl\/wp-json\/wp\/v2\/pages"}],"about":[{"href":"https:\/\/wonderdeer.pl\/pl\/wp-json\/wp\/v2\/types\/page"}],"author":[{"embeddable":true,"href":"https:\/\/wonderdeer.pl\/pl\/wp-json\/wp\/v2\/users\/1"}],"replies":[{"embeddable":true,"href":"https:\/\/wonderdeer.pl\/pl\/wp-json\/wp\/v2\/comments?post=328"}],"version-history":[{"count":11,"href":"https:\/\/wonderdeer.pl\/pl\/wp-json\/wp\/v2\/pages\/328\/revisions"}],"predecessor-version":[{"id":1267,"href":"https:\/\/wonderdeer.pl\/pl\/wp-json\/wp\/v2\/pages\/328\/revisions\/1267"}],"wp:attachment":[{"href":"https:\/\/wonderdeer.pl\/pl\/wp-json\/wp\/v2\/media?parent=328"}],"curies":[{"name":"wp","href":"https:\/\/api.w.org\/{rel}","templated":true}]}}