{"id":3,"date":"2023-12-09T15:21:31","date_gmt":"2023-12-09T14:21:31","guid":{"rendered":"https:\/\/wonderdeer.pl\/?page_id=3"},"modified":"2024-02-03T14:34:15","modified_gmt":"2024-02-03T13:34:15","slug":"polityka-prywatnosci","status":"publish","type":"page","link":"https:\/\/wonderdeer.pl\/pl\/polityka-prywatnosci\/","title":{"rendered":"Polityka prywatno\u015bci"},"content":{"rendered":"","protected":false},"excerpt":{"rendered":"","protected":false},"author":1,"featured_media":0,"parent":0,"menu_order":0,"comment_status":"closed","ping_status":"open","template":"page-regulaminy.php","meta":{"_acf_changed":false,"_uag_custom_page_level_css":"","site-sidebar-layout":"default","site-content-layout":"","ast-site-content-layout":"default","site-content-style":"default","site-sidebar-style":"default","ast-global-header-display":"","ast-banner-title-visibility":"","ast-main-header-display":"","ast-hfb-above-header-display":"","ast-hfb-below-header-display":"","ast-hfb-mobile-header-display":"","site-post-title":"","ast-breadcrumbs-content":"","ast-featured-img":"","footer-sml-layout":"","ast-disable-related-posts":"","theme-transparent-header-meta":"","adv-header-id-meta":"","stick-header-meta":"","header-above-stick-meta":"","header-main-stick-meta":"","header-below-stick-meta":"","astra-migrate-meta-layouts":"set","ast-page-background-enabled":"default","ast-page-background-meta":{"desktop":{"background-color":"var(--ast-global-color-4)","background-image":"","background-repeat":"repeat","background-position":"center center","background-size":"auto","background-attachment":"scroll","background-type":"","background-media":"","overlay-type":"","overlay-color":"","overlay-opacity":"","overlay-gradient":""},"tablet":{"background-color":"","background-image":"","background-repeat":"repeat","background-position":"center center","background-size":"auto","background-attachment":"scroll","background-type":"","background-media":"","overlay-type":"","overlay-color":"","overlay-opacity":"","overlay-gradient":""},"mobile":{"background-color":"","background-image":"","background-repeat":"repeat","background-position":"center center","background-size":"auto","background-attachment":"scroll","background-type":"","background-media":"","overlay-type":"","overlay-color":"","overlay-opacity":"","overlay-gradient":""}},"ast-content-background-meta":{"desktop":{"background-color":"var(--ast-global-color-5)","background-image":"","background-repeat":"repeat","background-position":"center center","background-size":"auto","background-attachment":"scroll","background-type":"","background-media":"","overlay-type":"","overlay-color":"","overlay-opacity":"","overlay-gradient":""},"tablet":{"background-color":"var(--ast-global-color-5)","background-image":"","background-repeat":"repeat","background-position":"center center","background-size":"auto","background-attachment":"scroll","background-type":"","background-media":"","overlay-type":"","overlay-color":"","overlay-opacity":"","overlay-gradient":""},"mobile":{"background-color":"var(--ast-global-color-5)","background-image":"","background-repeat":"repeat","background-position":"center center","background-size":"auto","background-attachment":"scroll","background-type":"","background-media":"","overlay-type":"","overlay-color":"","overlay-opacity":"","overlay-gradient":""}},"footnotes":""},"class_list":["post-3","page","type-page","status-publish","hentry"],"acf":{"tresc_regulaminu_pl":"<!-- wp:heading -->\r\n<h2><strong>Polityka prywatno\u015bci serwisu <\/strong><a href=\"http:\/\/www.wonderdeer.pl\"><u><strong>www.wonderdeer.pl<\/strong><\/u><\/a><\/h2>\r\n<strong>1<\/strong><strong>. <\/strong><strong>Informacje og\u00f3lne<\/strong>Niniejsza Polityka Prywatno\u015bci okre\u015bla zasady przetwarzania i ochrony danych osobowych przekazanych przez U\u017cytkownik\u00f3w w zwi\u0105zku z korzystaniem przez nich z us\u0142ug Wonder Deerpoprzez Serwis.\r\n\r\n<strong>Administratorem danych osobowych <\/strong>zawartych w serwisie jest\r\n\r\nWonder Deer Joanna Bu\u0142as\u00a0 z siedzib\u0105 w Ciecierzyn 63 , 21-003 Ciecierzyn, REGON: <strong>387218199<\/strong>, NIP:<strong> 7133022990<\/strong>\r\n\r\n&nbsp;\r\n<ol start=\"3\">\r\n \t<li><strong> W trosce o bezpiecze\u0144stwo powierzonych nam danych<\/strong> opracowali\u015bmy wewn\u0119trzne procedury i zalecenia, kt\u00f3re maj\u0105 zapobiec udost\u0119pnieniu danych osobom nieupowa\u017cnionym. Kontrolujemy ich wykonywanie i stale sprawdzamy ich zgodno\u015b\u0107 z odpowiednimi aktami prawnymi - ustaw\u0105 o ochronie danych osobowych, ustaw\u0105 o \u015bwiadczeniu us\u0142ug drog\u0105 elektroniczn\u0105, a tak\u017ce wszelkiego rodzaju aktach wykonawczych i aktach prawa wsp\u00f3lnotowego.<\/li>\r\n<\/ol>\r\n&nbsp;\r\n<ol start=\"4\">\r\n \t<li><strong> Dane Osobowe przetwarzane s\u0105 na podstawie zgody wyra\u017canej przez U\u017cytkownika<\/strong> oraz w przypadkach, w kt\u00f3rych przepisy prawa upowa\u017cniaj\u0105 Administratora do przetwarzania danych osobowych na podstawie przepis\u00f3w prawa lub w celu realizacji zawartej pomi\u0119dzy stronami umowy.<\/li>\r\n<\/ol>\r\n&nbsp;\r\n<ol start=\"5\">\r\n \t<li><strong> Serwis realizuje funkcje pozyskiwania informacji o u\u017cytkownikach i ich zachowaniach w nast\u0119puj\u0105cy spos\u00f3b: <\/strong><\/li>\r\n<\/ol>\r\npoprzez dobrowolnie wprowadzone w formularzach informacje\r\n\r\npoprzez gromadzenie plik\u00f3w \u201ccookies\u201d\r\n\r\n&nbsp;\r\n<ol start=\"6\">\r\n \t<li><strong> Serwis zbiera informacje dobrowolnie podane przez u\u017cytkownika. <\/strong><\/li>\r\n<\/ol>\r\n&nbsp;\r\n<ol start=\"7\">\r\n \t<li><strong> D<\/strong><strong>ane podane w formularzu s\u0105 przetwarzane w celu wynikaj\u0105cym z funkcji konkretnego formularza np. w celu dokonania procesu obs\u0142ugi kontaktu informacyjnego<\/strong><strong>.<\/strong><\/li>\r\n<\/ol>\r\n&nbsp;\r\n<ol start=\"8\">\r\n \t<li><strong> Dane osobowe po<\/strong><strong>zostawione w serwisie nie zostan\u0105 sprzedane ani udost\u0119pnione osobom trzecim, zgodnie z przepisami Ustawy o ochronie danych osobowych. <\/strong><\/li>\r\n<\/ol>\r\n&nbsp;\r\n<ol start=\"9\">\r\n \t<li><strong> Do danych zawartych w formularzu przys\u0142uguje wgl\u0105d <\/strong>osobie fizycznej, kt\u00f3ra je tam umie\u015bci\u0142a. Osoba ta ma r\u00f3wnie\u017c praw do modyfikacji i zaprzestania przetwarzania swoich danych w dowolnym momencie.<\/li>\r\n<\/ol>\r\n&nbsp;\r\n<ol start=\"10\">\r\n \t<li><strong> Zastrzegamy sobie prawo do zmiany w polityce ochrony prywatno\u015bci serwisu<\/strong>, na kt\u00f3re mo\u017ce wp\u0142yn\u0105\u0107 rozw\u00f3j technologii internetowej, ewentualne zmiany prawa w zakresie ochrony danych osobowych oraz rozw\u00f3j naszego serwisu internetowego. O wszelkich zmianach b\u0119dziemy informowa\u0107 w spos\u00f3b widoczny i zrozumia\u0142y.<\/li>\r\n<\/ol>\r\n&nbsp;\r\n<ol start=\"11\">\r\n \t<li><strong> W Serwisie mog\u0105 pojawia\u0107 si\u0119 linki do innych stron internetowych.<\/strong> Takie strony internetowe dzia\u0142aj\u0105 niezale\u017cnie od Serwisu i nie s\u0105 w \u017caden spos\u00f3b nadzorowane przez serwis <a href=\"http:\/\/WWW.wonderdeer.pl\"><u>WWW.wonderdeer.pl<\/u><\/a>Strony te mog\u0105 posiada\u0107 w\u0142asne polityki dotycz\u0105ce prywatno\u015bci oraz regulaminy, z kt\u00f3rymi zalecamy si\u0119 zapozna\u0107.<\/li>\r\n<\/ol>\r\nW razie w\u0105tpliwo\u015bci co kt\u00f3regokolwiek z zapis\u00f3w niniejszej polityki prywatno\u015bci jeste\u015bmy do dyspozycji - nasze dane znale\u017a\u0107 mo\u017cna w zak\u0142adce \u2013\u00a0<strong>Kontakt i dane firmy.<\/strong>\r\n\r\n&nbsp;\r\n\r\n<!-- \/wp:paragraph -->","tresc_regulaminu_de":"<!-- wp:heading -->\r\n<h2><u><strong>Datenschutzerkl\u00e4rung<\/strong><\/u><\/h2>\r\n&nbsp;\r\n\r\n<strong>Verantwortlicher f\u00fcr die Datenverarbeitung ist:<\/strong>\r\nWonder Deer Joanna Bu\u0142as\r\n\r\nCiecierzyn 63\r\n\r\n21-003 Ciecierzyn\r\n\r\nPolen\r\n\r\nEmail: info.wonderdeer@gmail.com\r\nWir freuen uns \u00fcber Ihr Interesse an unserem Online-Shop. Der Schutz Ihrer Privatsph\u00e4re ist f\u00fcr uns sehr wichtig. Nachstehend informieren wir Sie ausf\u00fchrlich \u00fcber den Umgang mit Ihren Daten.\r\n\r\n&nbsp;\r\n<ol>\r\n \t<li><strong>Speicherung von Zugriffsdaten in Server-Logfiles<\/strong><\/li>\r\n<\/ol>\r\n&nbsp;\r\n\r\nSie k\u00f6nnen unsere Webseiten besuchen, ohne Angaben zu Ihrer Person zu machen. Wir speichern lediglich Zugriffsdaten in sogenannten Server-Logfiles, wie z.B. den Namen der angeforderten Datei, Datum und Uhrzeit des Abrufs, \u00fcbertragene Datenmenge und den anfragenden Provider. Diese Daten werden ausschlie\u00dflich zur Sicherstellung eines st\u00f6rungsfreien Betriebs der Seite und zur Verbesserung unseres Angebots ausgewertet und erlauben uns keinen R\u00fcckschluss auf Ihre Person.\r\n\r\n&nbsp;\r\n<ol>\r\n \t<li><strong>Datenerhebung und -verwendung zur Vertragsabwicklung und bei Er\u00f6ffnung eines Kundenkontos<\/strong><\/li>\r\n<\/ol>\r\n&nbsp;\r\n\r\nWir erheben personenbezogene Daten, wenn Sie uns diese im Rahmen Ihrer Bestellung, bei einer Kontaktaufnahme mit uns (z.B. per Kontaktformular oder E-Mail) oder bei Er\u00f6ffnung eines Kundenkontos freiwillig mitteilen. Welche Daten erhoben werden, ist aus den jeweiligen Eingabeformularen ersichtlich. Wir verwenden die von ihnen mitgeteilten Daten zur Vertragsabwicklung und Bearbeitung Ihrer Anfragen. Nach vollst\u00e4ndiger Abwicklung des Vertrages oder L\u00f6schung Ihres Kundenkontos werden Ihre Daten f\u00fcr die weitere Verwendung gesperrt und nach Ablauf der steuer- und handelsrechtlichen Aufbewahrungsfristen gel\u00f6scht, sofern Sie nicht ausdr\u00fccklich in eine weitere Nutzung Ihrer Daten eingewilligt haben oder wir uns eine dar\u00fcber hinausgehende Datenverwendung vorbehalten, die gesetzlich erlaubt ist und \u00fcber die wir Sie nachstehend informieren. Die L\u00f6schung Ihres Kundenkontos ist jederzeit m\u00f6glich und kann entweder durch eine Nachricht an die unten beschriebene Kontaktm\u00f6glichkeit oder \u00fcber eine daf\u00fcr vorgesehene Funktion im Kundenkonto erfolgen.\r\n\r\n&nbsp;\r\n<ol>\r\n \t<li><strong>Datenweitergabe<\/strong><\/li>\r\n<\/ol>\r\nZur Vertragserf\u00fcllung gem\u00e4\u00df Art. 6 Abs. 1 S. 1 lit. b DSGVO geben wir Ihre Daten an das mit der Lieferung beauftragte Versandunternehmen weiter, soweit dies zur Lieferung bestellter Waren erforderlich ist. Je nach dem, welchen Zahlungsdienstleister Sie im Bestellprozess ausw\u00e4hlen, geben wir zur Abwicklung von Zahlungen die hierf\u00fcr erhobenen Zahlungsdaten an das mit der Zahlung beauftragte Kreditinstitut und ggf. von uns beauftragte Zahlungsdienstleister weiter bzw. an den ausgew\u00e4hlten Zahlungsdienst. Zum Teil erheben die ausgew\u00e4hlten Zahlungsdienstleister diese Daten auch selbst, soweit Sie dort ein Konto anlegen. In diesem Fall m\u00fcssen Sie sich im Bestellprozess mit Ihren Zugangsdaten bei dem Zahlungsdienstleister anmelden. Es gilt insoweit die Datenschutzerkl\u00e4rung des jeweiligen Zahlungsdienstleisters.\r\n\r\nZur Bestell- und Vertragsabwicklung setzen wir zudem ein externes Warenwirtschaftssystem ein. Die insoweit stattfindende Datenweitergabe bzw. Verarbeitung basiert auf einer Auftragsverarbeitung.\r\n<ol>\r\n \t<li><strong>Datenweitergabe an Versanddienstleister<\/strong><\/li>\r\n<\/ol>\r\nSofern Sie uns hierzu w\u00e4hrend oder nach Ihrer Bestellung Ihre ausdr\u00fcckliche Einwilligung erteilt haben, geben wir aufgrund dieser gem\u00e4\u00df Art. 6 Abs. 1 S. 1 lit. a DSGVO Ihre E-Mail-Adresse und Telefonnummer an den ausgew\u00e4hlten Versanddienstleister weiter, damit dieser vor Zustellung zum Zwecke der Lieferungsank\u00fcndigung bzw. -abstimmung Kontakt mit Ihnen aufnehmen kann.\r\n\r\nDie Einwilligung kann jederzeit durch eine Nachricht an die unten beschriebene Kontaktm\u00f6glichkeit oder direkt gegen\u00fcber dem Versanddienstleister unter im Folgenden aufgef\u00fchrten Kontaktadresse widerrufen werden. Nach Widerruf l\u00f6schen wir Ihre hierf\u00fcr angegebenen Daten, soweit Sie nicht ausdr\u00fccklich in eine weitere Nutzung Ihrer Daten eingewilligt haben oder wir uns eine dar\u00fcber hinausgehende Datenverwendung vorbehalten, die gesetzlich erlaubt ist und \u00fcber die wir Sie in dieser Erkl\u00e4rung informieren.\r\nDPD Deutschland GmbH\r\nWailandtstra\u00dfe 1\r\n63741 Aschaffenburg\r\nDeutschland\r\n\r\nDeutsche Post AG\r\nCharles-de-Gaulle-Stra\u00dfe 20\r\n53113 Bonn\r\nDeutschland\r\n<ol>\r\n \t<li><strong>E-Mail-Newsletter <\/strong><\/li>\r\n<\/ol>\r\n<strong>E-Mail-Werbung mit Anmeldung zum Newsletter<\/strong>\r\nWenn Sie sich zu unserem Newsletter anmelden, verwenden wir die hierf\u00fcr erforderlichen oder gesondert von Ihnen mitgeteilten Daten, um Ihnen regelm\u00e4\u00dfig unseren E-Mail-Newsletter aufgrund Ihrer Einwilligung gem\u00e4\u00df Art. 6 Abs. 1 S. 1 lit. a DSGVO zuzusenden.\r\n\r\nDie Abmeldung vom Newsletter ist jederzeit m\u00f6glich und kann entweder durch eine Nachricht an die unten beschriebene Kontaktm\u00f6glichkeit oder \u00fcber einen daf\u00fcr vorgesehenen Link im Newsletter erfolgen. Nach Abmeldung l\u00f6schen wir Ihre E-Mail-Adresse aus der Empf\u00e4ngerliste, soweit Sie nicht ausdr\u00fccklich in eine weitere Nutzung Ihrer Daten eingewilligt haben oder wir uns eine dar\u00fcber hinausgehende Datenverwendung vorbehalten, die gesetzlich erlaubt ist und \u00fcber die wir Sie in dieser Erkl\u00e4rung informieren.\r\n\r\nDer Newsletter wird im Rahmen einer Verarbeitung in unserem Auftrag durch einen Dienstleister versendet, an den wir Ihre E-Mail-Adresse hierzu weitergeben. Dieser Dienstleister sitzt innerhalb eines Landes der Europ\u00e4ischen Union oder des Europ\u00e4ischen Wirtschaftsraums.\r\n\r\n&nbsp;\r\n<ol>\r\n \t<li><strong>Integration des Trusted Shops Trustbadge<\/strong><\/li>\r\n<\/ol>\r\nZur Anzeige unseres Trusted Shops G\u00fctesiegels und der gegebenenfalls gesammelten Bewertungen sowie zum Angebot der Trusted Shops Produkte f\u00fcr K\u00e4ufer nach einer Bestellung ist auf dieser Webseite das Trusted Shops Trustbadge eingebunden.\r\n\r\nDies dient der Wahrung unserer im Rahmen einer Interessensabw\u00e4gung \u00fcberwiegenden berechtigten Interessen an einer optimalen Vermarktung durch Erm\u00f6glichung eines sicheren Einkaufs gem\u00e4\u00df Art. 6 Abs. 1 S. 1 lit. f DSGVO. Das Trustbadge und die damit beworbenen Dienste sind ein Angebot der Trusted Shops GmbH, Subbelrather Str. 15C, 50823 K\u00f6ln. Das Trustbadge wird im Rahmen einer Auftragsverarbeitung durch einen CDN-Anbieter (Content-Delivery-Network) zur Verf\u00fcgung gestellt. Die Trusted Shops GmbH setzt auch Dienstleister aus den USA ein. Ein angemessenes Datenschutzniveau ist sichergestellt. Weitere Informationen zum Datenschutz der Trusted Shops GmbH finden Sie: https:\/\/www.trustedshops.de\/impressum\/#datenschutz\r\n\r\nBei dem Aufruf des Trustbadge speichert der Webserver automatisch ein sogenanntes Server-Logfile, das auch Ihre IP-Adresse, Datum und Uhrzeit des Abrufs, \u00fcbertragene Datenmenge und den anfragenden Provider (Zugriffsdaten) enth\u00e4lt und den Abruf dokumentiert. Einzelne Zugriffsdaten werden f\u00fcr die Analyse von Sicherheitsauff\u00e4lligkeiten in einer Sicherheitsdatenbank gespeichert. Die Logfiles werden sp\u00e4testens 90 Tage nach Erstellung automatisch gel\u00f6scht.\r\n\r\nWeitere personenbezogene Daten werden an die Trusted Shops GmbH \u00fcbertragen, wenn Sie sich nach Abschluss einer Bestellung f\u00fcr die Nutzung von Trusted Shops Produkten entscheiden oder sich bereits f\u00fcr die Nutzung registriert haben. Es gilt die zwischen Ihnen und Trusted Shops getroffene vertragliche Vereinbarung. Hierf\u00fcr erfolgt eine automatische Erhebung personenbezogener Daten aus den Bestelldaten. Ob Sie als K\u00e4ufer bereits f\u00fcr eine Produktnutzung registriert ist, wird anhand eines neutralen Parameters, der per kryptologischer Einwegfunktion gehashten E-Mail-Adresse, automatisiert \u00fcberpr\u00fcft. Die E-Mail Adresse wird vor der \u00dcbermittlung in diesen f\u00fcr Trusted Shops nicht zu entschl\u00fcsselnden Hash-Wert umgerechnet. Nach \u00dcberpr\u00fcfung auf einen Match, wird der Parameter automatisch gel\u00f6scht.\r\n\r\nDies ist f\u00fcr die Erf\u00fcllung unserer und Trusted Shops\u2018 \u00fcberwiegender berechtigter Interessen an der Erbringung des jeweils an die konkrete Bestellung gekoppelten K\u00e4uferschutzes und der transaktionellen Bewertungsleistungen gem. Art. 6 Abs. 1 S. 1 lit. f DSGVO erforderlich. Weitere Details, auch zum Widerspruch, sind der oben und im Trustbadge verlinkten Trusted Shops Datenschutzerkl\u00e4rung zu entnehmen.\r\n<ol>\r\n \t<li><strong>Verwendung von Cookies<\/strong><\/li>\r\n<\/ol>\r\nUm den Besuch unserer Website attraktiv zu gestalten und die Nutzung bestimmter Funktionen zu erm\u00f6glichen, verwenden wir auf verschiedenen Seiten sogenannte Cookies. Hierbei handelt es sich um kleine Textdateien, die auf Ihrem Endger\u00e4t gespeichert werden. Einige der von uns verwendeten Cookies werden nach Ende der Browser-Sitzung, also nach Schlie\u00dfen Ihres Browsers, wieder gel\u00f6scht (sog. Sitzungs-Cookies). Andere Cookies verbleiben auf Ihrem Endger\u00e4t und erm\u00f6glichen uns, Ihren Browser beim n\u00e4chsten Besuch wiederzuerkennen (persistente Cookies). Sie k\u00f6nnen Ihren Browser so einstellen, dass Sie \u00fcber das Setzen von Cookies informiert werden und einzeln \u00fcber deren Annahme entscheiden oder die Annahme von Cookies f\u00fcr bestimmte F\u00e4lle oder generell ausschlie\u00dfen. Bei der Nichtannahme von Cookies kann die Funktionalit\u00e4t unserer Website eingeschr\u00e4nkt sein.\r\n<ol>\r\n \t<li><strong>Einsatz von Google (Universal) Analytics zur Webanalyse<\/strong><\/li>\r\n<\/ol>\r\nDiese Website benutzt Google (Universal) Analytics, einen Webanalysedienst der Google Inc. (www.google.de). Google (Universal) Analytics verwendet Methoden, die eine Analyse der Benutzung der Website durch Sie erm\u00f6glichen, wie zum Beispiel sog. \u201eCookies\u201c, Textdateien, die auf Ihrem Computer gespeichert werden. Die erzeugten Informationen \u00fcber Ihre Benutzung dieser Website werden in der Regel an einen Server von Google in den USA \u00fcbertragen und dort gespeichert. Durch die Aktivierung der IP-Anonymisierung auf dieser Webseite wird dabei die IP-Adresse vor der \u00dcbermittlung innerhalb der Mitgliedstaaten der Europ\u00e4ischen Union oder in anderen Vertragsstaaten des Abkommens \u00fcber den Europ\u00e4ischen Wirtschaftsraum gek\u00fcrzt. Nur in Ausnahmef\u00e4llen wird die volle IP-Adresse an einen Server von Google in den USA \u00fcbertragen und dort gek\u00fcrzt. Die im Rahmen von Google Analytics von Ihrem Browser \u00fcbermittelte anonymisierte IP-Adresse wird nicht mit anderen Daten von Google zusammengef\u00fchrt. Sie k\u00f6nnen die Erfassung der durch das Cookie erzeugten und auf Ihre Nutzung der Website bezogenen Daten (inkl. Ihrer IP-Adresse) an Google sowie die Verarbeitung dieser Daten durch Google verhindern, indem Sie das unter dem folgenden Link verf\u00fcgbare Browser-Plugin herunterladen und installieren: http:\/\/tools.google.com\/dlpage\/gaoptout?hl=de Alternativ zum Browser-Plugin k\u00f6nnen Sie diesen Link klicken, um die Erfassung durch Google Analytics auf dieser Website zuk\u00fcnftig zu verhindern. Dabei wird ein Opt-Out-Cookie auf Ihrem Endger\u00e4t abgelegt. L\u00f6schen Sie Ihre Cookies, m\u00fcssen Sie den Link erneut klicken.\r\n<ol>\r\n \t<li><strong>Verwendung von Social Plugins von Facebook, Google unter Verwendung der Shariff-L\u00f6sung<\/strong><\/li>\r\n<\/ol>\r\nAuf unserer Website werden Social Plugins (\u201ePlugins\u201c) von sozialen Netzwerken verwendet. Um den Schutz Ihrer Daten beim Besuch unserer Website zu erh\u00f6hen, sind die Plugins nicht uneingeschr\u00e4nkt, sondern lediglich unter Verwendung eines HTML-Links (sogenannte \u201eShariff-L\u00f6sung\u201c von c\u2018t) in die Seite eingebunden. Diese Einbindung gew\u00e4hrleistet, dass beim Aufruf einer Seite unseres Webauftritts, die solche Plugins enth\u00e4lt, noch keine Verbindung mit den Servern des Anbieters des jeweiligen sozialen Netzwerks hergestellt wird. Klicken Sie auf einen der Buttons, \u00f6ffnet sich ein neues Fenster Ihres Browsers und ruft die Seite des jeweiligen Diensteanbieters auf, auf der Sie (ggf. nach Eingabe Ihrer Login-Daten) z.B. den Like- oder Share-Button bet\u00e4tigen k\u00f6nnen. Zweck und Umfang der Datenerhebung und die weitere Verarbeitung und Nutzung der Daten durch die Anbieter auf deren Seiten sowie Ihre diesbez\u00fcglichen Rechte und Einstellungsm\u00f6glichkeiten zum Schutz Ihrer Privatsph\u00e4re entnehmen Sie bitte den Datenschutzhinweisen der Anbieter. http:\/\/www.facebook.com\/policy.php http:\/\/www.google.com\/intl\/de\/+\/policy\/+1button.html\r\n<ol start=\"10\">\r\n \t<li><strong>Kontaktm\u00f6glichkeiten und Ihre Rechte<\/strong><\/li>\r\n<\/ol>\r\nAls Betroffener haben Sie folgende Rechte:\r\n<ul>\r\n \t<li>gem\u00e4\u00df Art. 15 DSGVO das Recht, in dem dort bezeichneten Umfang Auskunft \u00fcber Ihre von uns verarbeiteten personenbezogenen Daten zu verlangen;<\/li>\r\n \t<li>gem\u00e4\u00df Art. 16 DSGVO das Recht, unverz\u00fcglich die Berichtigung unrichtiger oder Vervollst\u00e4ndigung Ihrer bei uns gespeicherten personenbezogenen Daten zu verlangen;<\/li>\r\n \t<li>gem\u00e4\u00df Art. 17 DSGVO das Recht, die L\u00f6schung Ihrer bei uns gespeicherten personenbezogenen Daten zu verlangen, soweit nicht die weitere Verarbeitung<\/li>\r\n \t<li>zur Aus\u00fcbung des Rechts auf freie Meinungs\u00e4u\u00dferung und Information;<\/li>\r\n \t<li>zur Erf\u00fcllung einer rechtlichen Verpflichtung;<\/li>\r\n \t<li>aus Gr\u00fcnden des \u00f6ffentlichen Interesses oder<\/li>\r\n \t<li>zur Geltendmachung, Aus\u00fcbung oder Verteidigung von Rechtsanspr\u00fcchen erforderlich ist;<\/li>\r\n \t<li>gem\u00e4\u00df Art. 18 DSGVO das Recht, die Einschr\u00e4nkung der Verarbeitung Ihrer personenbezogenen Daten zu verlangen, soweit<\/li>\r\n \t<li>die Richtigkeit der Daten von Ihnen bestritten wird;<\/li>\r\n \t<li>die Verarbeitung unrechtm\u00e4\u00dfig ist, Sie aber deren L\u00f6schung ablehnen;<\/li>\r\n \t<li>wir die Daten nicht mehr ben\u00f6tigen, Sie diese jedoch zur Geltendmachung, Aus\u00fcbung oder Verteidigung von Rechtsanspr\u00fcchen ben\u00f6tigen oder<\/li>\r\n \t<li>Sie gem\u00e4\u00df Art. 21 DSGVO Widerspruch gegen die Verarbeitung eingelegt haben;<\/li>\r\n \t<li>gem\u00e4\u00df Art. 20 DSGVO das Recht, Ihre personenbezogenen Daten, die Sie uns bereitgestellt haben, in einem strukturierten, g\u00e4ngigen und maschinenlesebaren Format zu erhalten oder die \u00dcbermittlung an einen anderen Verantwortlichen zu verlangen;<\/li>\r\n \t<li>gem\u00e4\u00df Art. 77 DSGVO das Recht, sich bei einer Aufsichtsbeh\u00f6rde zu beschweren. In der Regel k\u00f6nnen Sie sich hierf\u00fcr an die Aufsichtsbeh\u00f6rde Ihres \u00fcblichen Aufenthaltsortes oder Arbeitsplatzes oder unseres Unternehmenssitzes wenden.<\/li>\r\n<\/ul>\r\nBei Fragen zur Erhebung, Verarbeitung oder Nutzung Ihrer personenbezogenen Daten, bei Ausk\u00fcnften, Berichtigung, Einschr\u00e4nkung oder L\u00f6schung von Daten sowie Widerruf erteilter Einwilligungen oder Widerspruch gegen eine bestimmte Datenverwendung wenden Sie sich bitte direkt an uns \u00fcber die Kontaktdaten in unserem Impressum.\r\n\r\n&nbsp;\r\n\r\n&nbsp;\r\n\r\n&nbsp;\r\n\r\n<!-- \/wp:paragraph -->"},"uagb_featured_image_src":{"full":false,"thumbnail":false,"medium":false,"medium_large":false,"large":false,"1536x1536":false,"2048x2048":false,"trp-custom-language-flag":false},"uagb_author_info":{"display_name":"ncoder","author_link":"https:\/\/wonderdeer.pl\/pl\/author\/ncoder\/"},"uagb_comment_info":0,"uagb_excerpt":null,"_links":{"self":[{"href":"https:\/\/wonderdeer.pl\/pl\/wp-json\/wp\/v2\/pages\/3","targetHints":{"allow":["GET"]}}],"collection":[{"href":"https:\/\/wonderdeer.pl\/pl\/wp-json\/wp\/v2\/pages"}],"about":[{"href":"https:\/\/wonderdeer.pl\/pl\/wp-json\/wp\/v2\/types\/page"}],"author":[{"embeddable":true,"href":"https:\/\/wonderdeer.pl\/pl\/wp-json\/wp\/v2\/users\/1"}],"replies":[{"embeddable":true,"href":"https:\/\/wonderdeer.pl\/pl\/wp-json\/wp\/v2\/comments?post=3"}],"version-history":[{"count":6,"href":"https:\/\/wonderdeer.pl\/pl\/wp-json\/wp\/v2\/pages\/3\/revisions"}],"predecessor-version":[{"id":1508,"href":"https:\/\/wonderdeer.pl\/pl\/wp-json\/wp\/v2\/pages\/3\/revisions\/1508"}],"wp:attachment":[{"href":"https:\/\/wonderdeer.pl\/pl\/wp-json\/wp\/v2\/media?parent=3"}],"curies":[{"name":"wp","href":"https:\/\/api.w.org\/{rel}","templated":true}]}}