{"id":1487,"date":"2024-02-02T23:11:58","date_gmt":"2024-02-02T22:11:58","guid":{"rendered":"https:\/\/wonderdeer.pl\/?page_id=1487"},"modified":"2024-02-03T14:33:20","modified_gmt":"2024-02-03T13:33:20","slug":"informacje-o-sklepie","status":"publish","type":"page","link":"https:\/\/wonderdeer.pl\/pl\/informacje-o-sklepie\/","title":{"rendered":"Informacje o sklepie"},"content":{"rendered":"","protected":false},"excerpt":{"rendered":"","protected":false},"author":1,"featured_media":0,"parent":0,"menu_order":0,"comment_status":"closed","ping_status":"closed","template":"page-regulaminy.php","meta":{"_acf_changed":false,"_uag_custom_page_level_css":"","site-sidebar-layout":"default","site-content-layout":"","ast-site-content-layout":"default","site-content-style":"default","site-sidebar-style":"default","ast-global-header-display":"","ast-banner-title-visibility":"","ast-main-header-display":"","ast-hfb-above-header-display":"","ast-hfb-below-header-display":"","ast-hfb-mobile-header-display":"","site-post-title":"","ast-breadcrumbs-content":"","ast-featured-img":"","footer-sml-layout":"","ast-disable-related-posts":"","theme-transparent-header-meta":"","adv-header-id-meta":"","stick-header-meta":"","header-above-stick-meta":"","header-main-stick-meta":"","header-below-stick-meta":"","astra-migrate-meta-layouts":"set","ast-page-background-enabled":"default","ast-page-background-meta":{"desktop":{"background-color":"var(--ast-global-color-4)","background-image":"","background-repeat":"repeat","background-position":"center center","background-size":"auto","background-attachment":"scroll","background-type":"","background-media":"","overlay-type":"","overlay-color":"","overlay-opacity":"","overlay-gradient":""},"tablet":{"background-color":"","background-image":"","background-repeat":"repeat","background-position":"center center","background-size":"auto","background-attachment":"scroll","background-type":"","background-media":"","overlay-type":"","overlay-color":"","overlay-opacity":"","overlay-gradient":""},"mobile":{"background-color":"","background-image":"","background-repeat":"repeat","background-position":"center center","background-size":"auto","background-attachment":"scroll","background-type":"","background-media":"","overlay-type":"","overlay-color":"","overlay-opacity":"","overlay-gradient":""}},"ast-content-background-meta":{"desktop":{"background-color":"var(--ast-global-color-5)","background-image":"","background-repeat":"repeat","background-position":"center center","background-size":"auto","background-attachment":"scroll","background-type":"","background-media":"","overlay-type":"","overlay-color":"","overlay-opacity":"","overlay-gradient":""},"tablet":{"background-color":"var(--ast-global-color-5)","background-image":"","background-repeat":"repeat","background-position":"center center","background-size":"auto","background-attachment":"scroll","background-type":"","background-media":"","overlay-type":"","overlay-color":"","overlay-opacity":"","overlay-gradient":""},"mobile":{"background-color":"var(--ast-global-color-5)","background-image":"","background-repeat":"repeat","background-position":"center center","background-size":"auto","background-attachment":"scroll","background-type":"","background-media":"","overlay-type":"","overlay-color":"","overlay-opacity":"","overlay-gradient":""}},"footnotes":""},"class_list":["post-1487","page","type-page","status-publish","hentry"],"acf":{"tresc_regulaminu_pl":"<h2><strong>Informacje o sklepie<\/strong><\/h2>\r\n<strong>\u00a0<\/strong>\r\n\r\n<strong>Wonder Deer Joanna <\/strong><strong>Bu\u0142as<\/strong>\r\n\r\nCiecierzyn 63\r\n\r\n21-003 Ciecierzyn\r\n\r\nWoj. lubelskie\r\n\r\nTelefon<strong>\u00a0<\/strong><strong>786989740<\/strong>\r\n\r\nEmail: <a href=\"mailto:info.wonderdeer@gmail.com\"><u><strong>info.wonderdeer@gmail.com<\/strong><\/u><\/a>\r\n\r\n&nbsp;\r\n\r\nProwadz\u0119 jednoosobow\u0105 dzia\u0142alno\u015b\u0107 gospodarcz\u0105 zwolnion\u0105 z podatku VAT.\r\n\r\nREGON: <strong>387218199<\/strong>\r\n\r\nNIP:<strong> 7133022990<\/strong>\r\n\r\n&nbsp;\r\n\r\nDane bankowe:\r\n\r\nmBank\r\nJoanna Bu\u0142as\r\n\r\n<strong>PL79 1140 2004 0000 3802 8053 5159<\/strong>\r\nBIC\/SWIFT: BREXPLPWMBK\r\n\r\nPayPal: <strong>info.wonderdeer@gmail.com<\/strong>\r\n\r\n&nbsp;","tresc_regulaminu_de":"<h2><u><strong>Impressum<\/strong><\/u><\/h2>\r\n&nbsp;\r\n\r\nWonder Deer Joanna Bu\u0142as\r\n\r\nCiecierzyn 63\r\n\r\n21-003 Ciecierzyn\r\n\r\nPolen\r\n\r\nTelefon +49\u00a0157 57830350\r\n\r\nEmail: info.wonderdeer@gmail.com\r\n\r\nNach\u00a0dem\u00a0Gesetz\u00a0sind\u00a0wir\u00a0ein\u00a0Kleinunternehmen und zahlen\u00a0keine\u00a0Mehrwertsteuer.\r\n\r\nREGON: <strong>387218199<\/strong>\r\n\r\nNIP:<strong> 7133022990<\/strong>\r\n\r\n&nbsp;"},"uagb_featured_image_src":{"full":false,"thumbnail":false,"medium":false,"medium_large":false,"large":false,"1536x1536":false,"2048x2048":false,"trp-custom-language-flag":false},"uagb_author_info":{"display_name":"ncoder","author_link":"https:\/\/wonderdeer.pl\/pl\/author\/ncoder\/"},"uagb_comment_info":0,"uagb_excerpt":null,"_links":{"self":[{"href":"https:\/\/wonderdeer.pl\/pl\/wp-json\/wp\/v2\/pages\/1487","targetHints":{"allow":["GET"]}}],"collection":[{"href":"https:\/\/wonderdeer.pl\/pl\/wp-json\/wp\/v2\/pages"}],"about":[{"href":"https:\/\/wonderdeer.pl\/pl\/wp-json\/wp\/v2\/types\/page"}],"author":[{"embeddable":true,"href":"https:\/\/wonderdeer.pl\/pl\/wp-json\/wp\/v2\/users\/1"}],"replies":[{"embeddable":true,"href":"https:\/\/wonderdeer.pl\/pl\/wp-json\/wp\/v2\/comments?post=1487"}],"version-history":[{"count":9,"href":"https:\/\/wonderdeer.pl\/pl\/wp-json\/wp\/v2\/pages\/1487\/revisions"}],"predecessor-version":[{"id":1506,"href":"https:\/\/wonderdeer.pl\/pl\/wp-json\/wp\/v2\/pages\/1487\/revisions\/1506"}],"wp:attachment":[{"href":"https:\/\/wonderdeer.pl\/pl\/wp-json\/wp\/v2\/media?parent=1487"}],"curies":[{"name":"wp","href":"https:\/\/api.w.org\/{rel}","templated":true}]}}