{"id":1485,"date":"2024-02-02T22:44:09","date_gmt":"2024-02-02T21:44:09","guid":{"rendered":"https:\/\/wonderdeer.pl\/?page_id=1485"},"modified":"2024-02-03T14:33:58","modified_gmt":"2024-02-03T13:33:58","slug":"regulamin-sklepu","status":"publish","type":"page","link":"https:\/\/wonderdeer.pl\/pl\/regulamin-sklepu\/","title":{"rendered":"Regulamin sklepu"},"content":{"rendered":"","protected":false},"excerpt":{"rendered":"","protected":false},"author":1,"featured_media":0,"parent":0,"menu_order":0,"comment_status":"closed","ping_status":"closed","template":"page-regulaminy.php","meta":{"_acf_changed":false,"_uag_custom_page_level_css":"","site-sidebar-layout":"default","site-content-layout":"","ast-site-content-layout":"default","site-content-style":"default","site-sidebar-style":"default","ast-global-header-display":"","ast-banner-title-visibility":"","ast-main-header-display":"","ast-hfb-above-header-display":"","ast-hfb-below-header-display":"","ast-hfb-mobile-header-display":"","site-post-title":"","ast-breadcrumbs-content":"","ast-featured-img":"","footer-sml-layout":"","ast-disable-related-posts":"","theme-transparent-header-meta":"","adv-header-id-meta":"","stick-header-meta":"","header-above-stick-meta":"","header-main-stick-meta":"","header-below-stick-meta":"","astra-migrate-meta-layouts":"set","ast-page-background-enabled":"default","ast-page-background-meta":{"desktop":{"background-color":"var(--ast-global-color-4)","background-image":"","background-repeat":"repeat","background-position":"center center","background-size":"auto","background-attachment":"scroll","background-type":"","background-media":"","overlay-type":"","overlay-color":"","overlay-opacity":"","overlay-gradient":""},"tablet":{"background-color":"","background-image":"","background-repeat":"repeat","background-position":"center center","background-size":"auto","background-attachment":"scroll","background-type":"","background-media":"","overlay-type":"","overlay-color":"","overlay-opacity":"","overlay-gradient":""},"mobile":{"background-color":"","background-image":"","background-repeat":"repeat","background-position":"center center","background-size":"auto","background-attachment":"scroll","background-type":"","background-media":"","overlay-type":"","overlay-color":"","overlay-opacity":"","overlay-gradient":""}},"ast-content-background-meta":{"desktop":{"background-color":"var(--ast-global-color-5)","background-image":"","background-repeat":"repeat","background-position":"center center","background-size":"auto","background-attachment":"scroll","background-type":"","background-media":"","overlay-type":"","overlay-color":"","overlay-opacity":"","overlay-gradient":""},"tablet":{"background-color":"var(--ast-global-color-5)","background-image":"","background-repeat":"repeat","background-position":"center center","background-size":"auto","background-attachment":"scroll","background-type":"","background-media":"","overlay-type":"","overlay-color":"","overlay-opacity":"","overlay-gradient":""},"mobile":{"background-color":"var(--ast-global-color-5)","background-image":"","background-repeat":"repeat","background-position":"center center","background-size":"auto","background-attachment":"scroll","background-type":"","background-media":"","overlay-type":"","overlay-color":"","overlay-opacity":"","overlay-gradient":""}},"footnotes":""},"class_list":["post-1485","page","type-page","status-publish","hentry"],"acf":{"tresc_regulaminu_pl":"<h2><strong>REGULAMIN SKLEPU<\/strong><\/h2>\r\n&nbsp;\r\n<ol>\r\n \t<li><strong> Postanowienia og\u00f3lne<\/strong><\/li>\r\n<\/ol>\r\nPoni\u017csze warunki maj\u0105 zastosowanie do wszystkich zam\u00f3wie\u0144 sk\u0142adanych za po\u015brednictwem naszego sklepu internetowego przez konsument\u00f3w i przedsi\u0119biorc\u00f3w.\r\n\r\nKonsumentem jest ka\u017cda osoba fizyczna, kt\u00f3ra dokonuje czynno\u015bci prawnej w celach, kt\u00f3re w przewa\u017caj\u0105cej mierze nie mog\u0105 by\u0107 przypisane ani do jej dzia\u0142alno\u015bci handlowej, ani do jej samodzielnej dzia\u0142alno\u015bci zawodowej. Przedsi\u0119biorc\u0105 jest osoba fizyczna, prawna lub sp\u00f3\u0142ka osobowa posiadaj\u0105ca zdolno\u015b\u0107 prawn\u0105, kt\u00f3ra, zawieraj\u0105c transakcj\u0119 prawn\u0105, dzia\u0142a w ramach wykonywania swojej dzia\u0142alno\u015bci gospodarczej lub zawodowej.\r\n\r\n&nbsp;\r\n<ol start=\"2\">\r\n \t<li><strong> Procedura zawarcia umowy kupna <\/strong><\/li>\r\n<\/ol>\r\nUmowa kupna zosta\u0142a zawarta z firm\u0105 Wonder deer Joanna Bu\u0142as, Ciecierzyn 63, 21-003 Ciecierzyn, Polska (jednoosobowa dzia\u0142alno\u015b\u0107 gospodarcza zwolniona z podatku VAT). Umieszczaj\u0105c produkty w sklepie internetowym, sk\u0142adamy wi\u0105\u017c\u0105c\u0105 ofert\u0119 zawarcia umowy na te produkty. Mo\u017cecie Pa\u0144stwo bez zobowi\u0105za\u0144 umie\u015bci\u0107 nasze produkty w koszyku i w ka\u017cdej chwili przed wys\u0142aniem wi\u0105\u017c\u0105cego zam\u00f3wienia skorygowa\u0107 swoje wpisy, korzystaj\u0105c z pomocy korekcyjnych udost\u0119pnionych i wyja\u015bnionych w tym celu w procesie zam\u00f3wienia. Umowa zostaje zawarta w momencie przyj\u0119cia oferty na towar znajduj\u0105cy si\u0119 w koszyku poprzez klikni\u0119cie na przycisk zam\u00f3wienia. Natychmiast po wys\u0142aniu zam\u00f3wienia otrzymasz kolejne potwierdzenie poczt\u0105 elektroniczn\u0105.\r\n\r\n&nbsp;\r\n<ol start=\"3\">\r\n \t<li><strong> Wysy\u0142ka i dostawa<\/strong><\/li>\r\n<\/ol>\r\nPrzejmujemy wszystkie koszty wysy\u0142ki. Naszym partnerem wysy\u0142kowym jest DPD i Paczkomaty\u00a0InPost. Dostarczamy tylko w spos\u00f3b wysy\u0142kowy. Osobiste odebranie towaru jest niestety niemo\u017cliwe.\r\n\r\n&nbsp;\r\n<ol start=\"4\">\r\n \t<li><strong> P\u0142atno\u015bci<\/strong><\/li>\r\n<\/ol>\r\nW naszym sklepie mo\u017cna wybra\u0107 jedn\u0105 z nast\u0119puj\u0105cych metod p\u0142atno\u015bci:\r\n\r\nPrzedp\u0142ata: W przypadku wybrania formy p\u0142atno\u015bci z g\u00f3ry, w osobnym e-mailu podamy Pa\u0144stwu nasze dane bankowe i dostarczymy towar po otrzymaniu p\u0142atno\u015bci\r\n\r\nPayPal Podczas procesu sk\u0142adania zam\u00f3wienia zostaniesz przekierowany na stron\u0119 internetow\u0105 dostawcy us\u0142ug internetowych PayPal. Aby m\u00f3c zap\u0142aci\u0107 kwot\u0119 faktury za po\u015brednictwem systemu PayPal, musisz by\u0107 tam zarejestrowany. Po z\u0142o\u017ceniu zam\u00f3wienia w sklepie, prosimy PayPal o zainicjowanie transakcji p\u0142atniczej.\r\n\r\nTransakcja p\u0142atnicza jest przeprowadzana automatycznie przez PayPal natychmiast po jej zako\u0144czeniu. Dalsze instrukcje otrzymasz w trakcie procesu sk\u0142adania zam\u00f3wienia.\r\n\r\n&nbsp;\r\n\r\nKarta kredytowa Wykonywana jest za po\u015brednictwem naszego zewn\u0119trznego dostawcy us\u0142ug p\u0142atniczych PayPal (Europe) S.\u00e0\u00a0r.l. Nie potrzebujesz do tego konta PayPal.\r\n\r\nPo wybraniu metody p\u0142atno\u015bci kart\u0105 kredytow\u0105, zostaniesz automatycznie przekierowany do autoryzacji p\u0142atno\u015bci. Nast\u0119pnie wprowadzasz dane swojej karty kredytowej. PayPal przeprowadza autoryzacj\u0119. Po pomy\u015blnej autoryzacji Twoje zam\u00f3wienie zostaje automatycznie przekazane do naszego systemu.\r\n\r\n&nbsp;\r\n<ol start=\"5\">\r\n \t<li><strong> Szkody transportowe<\/strong><\/li>\r\n<\/ol>\r\nJe\u015bli towar zostanie dostarczony z oczywistymi uszkodzeniami transportowymi, prosimy o jak najszybsze zg\u0142oszenie takich wad do firmy dostawczej i natychmiastowy kontakt z nami. Niez\u0142o\u017cenie skargi lub brak kontaktu z nami nie ma \u017cadnych konsekwencji dla Twoich roszcze\u0144 prawnych i ich egzekwowania, w szczeg\u00f3lno\u015bci dla Twoich praw gwarancyjnych. Pomagaj\u0105 nam one jednak w dochodzeniu w\u0142asnych roszcze\u0144 wobec przewo\u017anika lub ubezpieczenia transportowego.\r\n\r\nW odniesieniu do przedsi\u0119biorc\u00f3w obowi\u0105zuj\u0105 nast\u0119puj\u0105ce zasady:\r\n\r\nRyzyko przypadkowej utraty i przypadkowego pogorszenia si\u0119 stanu rzeczy przechodzi na Pa\u0144stwa z chwil\u0105 przekazania przez nas rzeczy spedytorowi, przewo\u017anikowi lub osobie albo instytucji w inny spos\u00f3b wyznaczonej do realizacji wysy\u0142ki. W\u015br\u00f3d kupc\u00f3w obowi\u0105zuje obowi\u0105zek kontroli i powiadamiania o wadach. W przypadku niezg\u0142oszenia wad zgodnie z tym postanowieniem, towar uznaje si\u0119 za zatwierdzony, chyba \u017ce wada nie by\u0142a rozpoznawalna podczas kontroli. Nie dotyczy to przypadk\u00f3w, w kt\u00f3rych oszuka\u0144czo ukryli\u015bmy wad\u0119.\r\n\r\n&nbsp;\r\n<ol start=\"6\">\r\n \t<li><strong> Gwarancja<\/strong><\/li>\r\n<\/ol>\r\nObowi\u0105zuje <strong>roczna r\u0119kojmia<\/strong> na ka\u017cdy zakupiony u nas produkt.\r\n\r\n&nbsp;\r\n\r\nObs\u0142uga klienta: Pytania, skargi i zastrze\u017cenia mo\u017cna kierowa\u0107 do naszego dzia\u0142u obs\u0142ugi klienta w dni powszednie w godzinach od 8:00 do 16:00 pod numerem telefonu 786989740 oraz drog\u0105 elektroniczn\u0105 na adres <a href=\"mailto:info.wonderdeer@gmail.com\"><u>info.wonderdeer@gmail.com<\/u><\/a>\r\n\r\n&nbsp;\r\n<ol start=\"7\">\r\n \t<li><strong>Prawo do odst\u0105pienia od umowy<\/strong><\/li>\r\n<\/ol>\r\nWy\u0142\u0105cznie Klientowi b\u0119d\u0105cemu jednocze\u015bnie Konsumentem przys\u0142uguje 14-dniowy termin do odst\u0105pienia od umowy. Konsument ma prawo odst\u0105pi\u0107 od niniejszej umowy w terminie 14 dni bez podania jakiejkolwiek przyczyny. Termin do odst\u0105pienia od umowy wygasa po up\u0142ywie 14 dni od dnia\u00a0w kt\u00f3rym weszli Pa\u0144stwo w posiadanie rzeczy lub w kt\u00f3rym osoba trzecia inna ni\u017c przewo\u017anik i wskazana przez Pa\u0144stwa wesz\u0142a w posiadanie rzeczy.\r\n\r\nAby skorzysta\u0107 z prawa odst\u0105pienia od umowy, musz\u0105 Pa\u0144stwo poinformowa\u0107 nas Wonder Deer Joanna Bu\u0142as, Ciecierzyn 63, 21-003 Ciecierzyn, mail: <a href=\"mailto:info.wonderdeer@gmail.com\"><u>info.wonderdeer@gmail.com<\/u><\/a> o swojej decyzji o odst\u0105pieniu od niniejszej umowy w drodze jednoznacznego o\u015bwiadczenia (na przyk\u0142ad pismo wys\u0142ane poczt\u0105 lub poczt\u0105 elektroniczn\u0105).\r\n\r\nAby zachowa\u0107 termin do odst\u0105pienia od umowy, wystarczy, aby wys\u0142ali Pa\u0144stwo informacj\u0119 dotycz\u0105c\u0105 wykonania przys\u0142uguj\u0105cego Pa\u0144stwu prawa odst\u0105pienia od umowy przed up\u0142ywem terminu do odst\u0105pienia od umowy.\r\n\r\n<strong>Skutki odst\u0105pienia od umowy<\/strong>\r\n\r\nW przypadku odst\u0105pienia od niniejszej umowy zwracamy Pa\u0144stwu wszystkie otrzymane od Pa\u0144stwa p\u0142atno\u015bci, w tym koszty dostarczenia rzeczy (z wyj\u0105tkiem dodatkowych koszt\u00f3w wynikaj\u0105cych z wybranego przez Pa\u0144stwa sposobu dostarczenia innego ni\u017c najta\u0144szy zwyk\u0142y spos\u00f3b dostarczenia oferowany przez nas), niezw\u0142ocznie, a w ka\u017cdym przypadku nie p\u00f3\u017aniej ni\u017c 14 dni od dnia, w kt\u00f3rym zostali\u015bmy poinformowani o Pa\u0144stwa decyzji o wykonaniu prawa odst\u0105pienia od niniejszej umowy. Zwrotu p\u0142atno\u015bci dokonamy przy u\u017cyciu takich samych sposob\u00f3w p\u0142atno\u015bci, jakie zosta\u0142y przez Pa\u0144stwa u\u017cyte w pierwotnej transakcji, chyba \u017ce wyra\u017anie zgodzili\u015bcie si\u0119 Pa\u0144stwo na inne rozwi\u0105zanie; w ka\u017cdym przypadku nie ponios\u0105 Pa\u0144stwo \u017cadnych op\u0142at w zwi\u0105zku z tym zwrotem.\r\n\r\nMo\u017cemy wstrzyma\u0107 si\u0119 ze zwrotem p\u0142atno\u015bci do czasu otrzymania rzeczy lub do czasu dostarczenia nam dowodu jej odes\u0142ania, w zale\u017cno\u015bci od tego, kt\u00f3re zdarzenie nast\u0105pi wcze\u015bniej.\r\n\r\nAdres zwrotu: prosz\u0119 odes\u0142a\u0107 nam rzecz na adres Wonder Deer, Ciecierzyn 63, 21-003 Ciecierzyn. Konsument ma obowi\u0105zek zwr\u00f3ci\u0107 Towar Sprzedawcy niezw\u0142ocznie, jednak nie p\u00f3\u017aniej ni\u017c w terminie 14 dni od dnia, w kt\u00f3rym odst\u0105pi\u0142 od Umowy sprzeda\u017cy. Do zachowania terminu wystarczy odes\u0142anie Towaru na adres Sprzedawcy przed up\u0142ywem tego terminu.\r\n\r\nB\u0119d\u0105 musieli Pa\u0144stwo odes\u0142a\u0107 rzeczy b\u0119d\u0105ce przedmiotem umowy, od kt\u00f3rej odst\u0105pili na w\u0142asny koszt i ryzyko.\r\n\r\n&nbsp;\r\n<ol start=\"8\">\r\n \t<li><strong> Reklamacje dotycz\u0105ce Towar\u00f3w<\/strong><\/li>\r\n<\/ol>\r\n<strong>Wonder <\/strong><strong>Deer<\/strong><strong> Joanna <\/strong><strong>Bu\u0142as<\/strong><strong>\u00a0<\/strong>jako sprzedawca odpowiada wobec Klienta b\u0119d\u0105cego Konsumentem w rozumieniu art. 22[1] Kodeksu Cywilnego, z tytu\u0142u r\u0119kojmi za wady w zakresie okre\u015blonym w Kodeksie Cywilnym, w szczeg\u00f3lno\u015bci w art. 556 oraz art. 556[1]\u00a0-\u00a0556[3] i kolejnych Kodeksu Cywilnego.\r\n\r\nReklamacje, wynikaj\u0105ce z naruszenia praw gwarantowanych ustawowo, lub na podstawie niniejszego Regulaminu, nale\u017cy kierowa\u0107 na adres info.wonderdeer@gmail.com. <strong>Wonder <\/strong><strong>Deer<\/strong>\u00a0zobowi\u0105zuje si\u0119 do rozpatrzenia ka\u017cdej reklamacji w terminie do 14 dni. Nierozpatrzenie reklamacji w powy\u017cszym terminie oznacza uznanie jej za uzasadnion\u0105.\r\n\r\n&nbsp;\r\n<ol start=\"9\">\r\n \t<li><strong>9<\/strong><strong>. <\/strong><strong>Rozwi\u0105zywanie spor\u00f3w i przepisy ko\u0144cowe<\/strong><\/li>\r\n<\/ol>\r\nKlient, kt\u00f3ry jest Konsumentem, mo\u017ce w razie zainteresowania skorzysta\u0107 z pozas\u0105dowych sposob\u00f3w rozpatrywania reklamacji i dochodzenia roszcze\u0144. Spory dotycz\u0105ce zakup\u00f3w internetowych mo\u017cna rozwi\u0105za\u0107 w drodze post\u0119powania mediacyjnego przed Wojew\u00f3dzkimi Inspektoratami Inspekcji Handlowej lub procesu przed s\u0105dem polubownym przy Wojew\u00f3dzkim Inspektoracie Inspekcji Handlowej. Konsument mo\u017ce r\u00f3wnie\u017c skorzysta\u0107 z innych metod pozas\u0105dowego rozwi\u0105zywania spor\u00f3w i np. z\u0142o\u017cy\u0107 swoj\u0105 skarg\u0119 za po\u015brednictwem unijnej platformy internetowej ODR, dost\u0119pnej pod adresem: <a href=\"http:\/\/ec.europa.eu\/consumers\/odr\/\">http:\/\/ec.europa.eu\/consumers\/odr\/<\/a>\r\n\r\nW przypadku braku zainteresowania ze strony Konsumenta mo\u017cliwo\u015bci\u0105 skorzystania z pozas\u0105dowych sposob\u00f3w rozpatrywania spor\u00f3w, rozstrzyganie ewentualnych spor\u00f3w powsta\u0142ych pomi\u0119dzy <strong>Wonder <\/strong><strong>Deer<\/strong><strong> Joanna <\/strong><strong>Bu\u0142as<\/strong>\u00a0a Konsumentem, zostanie poddane s\u0105dom w\u0142a\u015bciwym zgodnie z postanowieniami w\u0142a\u015bciwych przepis\u00f3w Kodeksu post\u0119powania cywilnego.\r\n\r\nRozstrzyganie ewentualnych spor\u00f3w powsta\u0142ych pomi\u0119dzy <strong>Wonder <\/strong><strong>Deer<\/strong><strong> Joanna <\/strong><strong>Bu\u0142as<\/strong>\u00a0a Klientem, kt\u00f3ry nie jest jednocze\u015bnie Konsumentem, zostanie poddane s\u0105dowi w\u0142a\u015bciwemu ze wzgl\u0119du na siedzib\u0119 <strong>Wonder <\/strong><strong>Deer<\/strong><strong> Joanna <\/strong><strong>Bu\u0142as<\/strong>.\r\n\r\nW sprawach nieuregulowanych w niniejszym Regulaminie maj\u0105 zastosowanie przepisy Kodeksu cywilnego, przepisy Ustawy o \u015bwiadczeniu us\u0142ug drog\u0105 elektroniczn\u0105 oraz inne w\u0142a\u015bciwe przepisy prawa polskiego.\r\n\r\n&nbsp;\r\n\r\n&nbsp;","tresc_regulaminu_de":"<h2><strong>AGB<\/strong><\/h2>\r\n<h3><strong>1. Geltungsbereich<\/strong><\/h3>\r\n&nbsp;\r\n\r\nF\u00fcr alle Bestellungen \u00fcber unseren Online-Shop durch Verbraucher und Unternehmer gelten die nachfolgenden AGB.\r\n\r\nVerbraucher ist jede nat\u00fcrliche Person, die ein Rechtsgesch\u00e4ft zu Zwecken abschlie\u00dft, die \u00fcberwiegend weder ihrer gewerblichen noch ihrer selbst\u00e4ndigen beruflichen T\u00e4tigkeit zugerechnet werden k\u00f6nnen. Unternehmer ist eine nat\u00fcrliche oder juristische Person oder eine rechtsf\u00e4hige Personengesellschaft, die bei Abschluss eines Rechtsgesch\u00e4fts in Aus\u00fcbung ihrer gewerblichen oder selbst\u00e4ndigen beruflichen T\u00e4tigkeit handelt.\r\n\r\nGegen\u00fcber Unternehmern gelten diese AGB auch f\u00fcr k\u00fcnftige Gesch\u00e4ftsbeziehungen, ohne dass wir nochmals auf sie hinweisen m\u00fcssten. Verwendet der Unternehmer entgegenstehende oder erg\u00e4nzende Allgemeine Gesch\u00e4ftsbedingungen, wird deren Geltung hiermit widersprochen; sie werden nur dann Vertragsbestandteil, wenn wir dem ausdr\u00fccklich zugestimmt haben.\r\n<h3><strong>2. Vertragspartner, Vertragsabschluss<\/strong><\/h3>\r\n&nbsp;\r\n\r\nDer Kaufvertrag kommt zustande mit Wonder deer Joanna Bu\u0142as, Ciecierzyn 63, 21-003 Ciecierzyn, Polen (Kleinunternehmen nach polnischem Recht). Mit Einstellung der Produkte in den Online-Shop geben wir ein verbindliches Angebot zum Vertragsabschluss \u00fcber diese Artikel ab. Sie k\u00f6nnen unsere Produkte zun\u00e4chst unverbindlich in den Warenkorb legen und Ihre Eingaben vor Absenden Ihrer verbindlichen Bestellung jederzeit korrigieren, indem Sie die hierf\u00fcr im Bestellablauf vorgesehenen und erl\u00e4uterten Korrekturhilfen nutzen. Der Vertrag kommt zustande, indem Sie durch Anklicken des Bestellbuttons das Angebot \u00fcber die im Warenkorb enthaltenen Waren annehmen. Unmittelbar nach dem Absenden der Bestellung erhalten Sie noch einmal eine Best\u00e4tigung per E-Mail.\r\n<h3><strong>3. Vertragssprache, Vertragstextspeicherung<\/strong><\/h3>\r\n&nbsp;\r\n\r\nDie f\u00fcr den Vertragsabschluss zur Verf\u00fcgung stehende Sprache ist Deutsch. Wir speichern den Vertragstext und senden Ihnen die Bestelldaten und unsere AGB per E-Mail zu. Den Vertragstext k\u00f6nnen Sie in unserem Kunden-Login einsehen.\r\n<h3><strong>4. Versand und Lieferung<\/strong><\/h3>\r\n&nbsp;\r\n\r\nWir \u00fcbernehmen alle Versandkosten. Die Lieferung ist also f\u00fcr den Kunden immer kostenlos.Unser Versandpartner ist DPD und Deutsche Post. Wir liefern nur im Versandweg. Eine Selbstabholung der Ware ist leider nicht m\u00f6glich.\r\n<h3><strong>5. Bezahlung<\/strong><\/h3>\r\n&nbsp;\r\n\r\nIn unserem Shop stehen Ihnen grunds\u00e4tzlich die folgenden Zahlungsarten zur Verf\u00fcgung:\r\n\r\n<strong>Vorkasse<\/strong> Bei Auswahl der Zahlungsart Vorkasse nennen wir Ihnen unsere Bankverbindung in separater E-Mail und liefern die Ware nach Zahlungseingang.\r\n\r\n<strong>PayPal<\/strong> Im Bestellprozess werden Sie auf die Webseite des Online-Anbieters PayPal weitergeleitet. Um den Rechnungsbetrag \u00fcber PayPal bezahlen zu k\u00f6nnen, m\u00fcssen Sie dort registriert sein bzw. sich erst registrieren, mit Ihren Zugangsdaten legitimieren und die Zahlungsanweisung an uns best\u00e4tigen. Nach Abgabe der Bestellung im Shop fordern wir PayPal zur Einleitung der Zahlungstransaktion auf.\r\n\r\nDie Zahlungstransaktion wird durch PayPal unmittelbar danach automatisch durchgef\u00fchrt. Weitere Hinweise erhalten Sie beim Bestellvorgang.\r\n\r\n&nbsp;\r\n<h3><strong>6. Transportsch\u00e4den<\/strong><\/h3>\r\n&nbsp;\r\n\r\nF\u00fcr Verbraucher gilt:\r\nWerden Waren mit offensichtlichen Transportsch\u00e4den angeliefert, so reklamieren Sie solche Fehler bitte m\u00f6glichst sofort beim Zusteller und nehmen Sie bitte unverz\u00fcglich Kontakt zu uns auf. Die Vers\u00e4umung einer Reklamation oder Kontaktaufnahme hat f\u00fcr Ihre gesetzlichen Anspr\u00fcche und deren Durchsetzung, insbesondere Ihre Gew\u00e4hrleistungsrechte, keinerlei Konsequenzen. Sie helfen uns aber, unsere eigenen Anspr\u00fcche gegen\u00fcber dem Frachtf\u00fchrer bzw. der Transportversicherung geltend machen zu k\u00f6nnen.\r\n\r\nF\u00fcr Unternehmer gilt:\r\nDie Gefahr des zuf\u00e4lligen Untergangs und der zuf\u00e4lligen Verschlechterung geht auf Sie \u00fcber, sobald wir die Sache dem Spediteur, dem Frachtf\u00fchrer oder der sonst zur Ausf\u00fchrung der Versendung bestimmten Person oder Anstalt ausgeliefert haben. Unter Kaufleuten gilt die in \u00a7 377 HGB geregelte Untersuchungs- und R\u00fcgepflicht. Unterlassen Sie die dort geregelte Anzeige, so gilt die Ware als genehmigt, es sei denn, dass es sich um einen Mangel handelt, der bei der Untersuchung nicht erkennbar war. Dies gilt nicht, falls wir einen Mangel arglistig verschwiegen haben.\r\n<h3><strong>7. Gew\u00e4hrleistung und Garantien<\/strong><\/h3>\r\n&nbsp;\r\n\r\nEs gilt das gesetzliche M\u00e4ngelhaftungsrecht. Informationen zu gegebenenfalls geltenden zus\u00e4tzlichen Garantien und deren genaue Bedingungen finden Sie jeweils beim Produkt und auf besonderen Informationsseiten im Onlineshop.\r\n\r\nKundendienst: Sie erreichen unseren Kundendienst f\u00fcr Fragen, Reklamationen und Beanstandungen werktags von 8:00 Uhr bis 16:00 Uhr unter der Telefonnummer + 48 786 989 740 sowie per E-Mail unter <a href=\"mailto:info.wonderdeer@gmail.com\"><u>info.wonderdeer@gmail.com<\/u><\/a>\r\n<h3><strong>8. Haftung<\/strong><\/h3>\r\n&nbsp;\r\n\r\nF\u00fcr Anspr\u00fcche aufgrund von Sch\u00e4den, die durch uns, unsere gesetzlichen Vertreter oder Erf\u00fcllungsgehilfen verursacht wurden, haften wir stets unbeschr\u00e4nkt\r\n<ul>\r\n \t<li>bei Verletzung des Lebens, des K\u00f6rpers oder der Gesundheit,\r\n\u2022 bei vors\u00e4tzlicher oder grob fahrl\u00e4ssiger Pflichtverletzung,\r\n\u2022 bei Garantieversprechen, soweit vereinbart, oder\r\n\u2022 soweit der Anwendungsbereich des Produkthaftungsgesetzes er\u00f6ffnet ist.<\/li>\r\n<\/ul>\r\nBei Verletzung wesentlicher Vertragspflichten, deren Erf\u00fcllung die ordnungsgem\u00e4\u00dfe Durchf\u00fchrung des Vertrages \u00fcberhaupt erst erm\u00f6glicht und auf deren Einhaltung der Vertragspartner regelm\u00e4\u00dfig vertrauen darf, (Kardinalpflichten) durch leichte Fahrl\u00e4ssigkeit von uns, unseren gesetzlichen Vertretern oder Erf\u00fcllungsgehilfen ist die Haftung der H\u00f6he nach auf den bei Vertragsschluss vorhersehbaren Schaden begrenzt, mit dessen Entstehung typischerweise gerechnet werden muss. Im \u00dcbrigen sind Anspr\u00fcche auf Schadensersatz ausgeschlossen.\r\n<h3><strong>9. Verhaltenskodex<\/strong><\/h3>\r\n&nbsp;\r\n\r\nFolgenden Verhaltenskodizes haben wir uns unterworfen:\r\nKodex: Trusted Shops Qualit\u00e4tskriterien\r\nhttp:\/\/www.trustedshops.com\/tsdocument\/ TS_QUALITY_CRITERIA_de.pdf\r\n<h3><strong>10. Streitbeilegung <\/strong><\/h3>\r\n&nbsp;\r\n\r\nDie Europ\u00e4ische Kommission stellt eine Plattform zur Online-Streitbeilegung (OS) bereit, die Sie hier finden https:\/\/ec.europa.eu\/consumers\/odr\/. Verbraucher haben die M\u00f6glichkeit, diese Plattform f\u00fcr die Beilegung ihrer Streitigkeiten zu nutzen.\r\nZur Beilegung von Streitigkeiten aus einem Vertragsverh\u00e4ltnis mit einem Verbraucher bzw. dar\u00fcber, ob ein solches Vertragsverh\u00e4ltnis \u00fcberhaupt besteht, sind wir zur Teilnahme an Streitbeilegungsverfahren vor einer Verbraucherschlichtungsstelle verpflichtet.\r\n<h3><strong>11. Jugendschutz<\/strong><\/h3>\r\n&nbsp;\r\n\r\nSofern Ihre Bestellung Waren umfasst, deren Verkauf Altersbeschr\u00e4nkungen unterliegt, stellen wir durch den Einsatz eines zuverl\u00e4ssigen Verfahrens unter Einbeziehung einer pers\u00f6nlichen Identit\u00e4ts- und Alterspr\u00fcfung sicher, dass der Besteller das erforderliche Mindestalter erreicht hat. Der Zusteller \u00fcbergibt die Ware erst nach erfolgter Alterspr\u00fcfung und nur an den Besteller pers\u00f6nlich.\r\n<h3><strong>12. Schlussbestimmungen<\/strong><\/h3>\r\n&nbsp;\r\n\r\nSind Sie Unternehmer, dann gilt deutsches Recht unter Ausschluss des UN-Kaufrechts.\r\nSind Sie Kaufmann im Sinne des Handelsgesetzbuches, juristische Person des \u00f6ffentlichen Rechts oder \u00f6ffentlich-rechtliches Sonderverm\u00f6gen, ist ausschlie\u00dflicher Gerichtsstand f\u00fcr alle Streitigkeiten aus Vertragsverh\u00e4ltnissen zwischen uns und Ihnen unser Gesch\u00e4ftssitz.\r\n\r\n&nbsp;\r\n\r\n&nbsp;\r\n\r\n&nbsp;"},"uagb_featured_image_src":{"full":false,"thumbnail":false,"medium":false,"medium_large":false,"large":false,"1536x1536":false,"2048x2048":false,"trp-custom-language-flag":false},"uagb_author_info":{"display_name":"ncoder","author_link":"https:\/\/wonderdeer.pl\/pl\/author\/ncoder\/"},"uagb_comment_info":0,"uagb_excerpt":null,"_links":{"self":[{"href":"https:\/\/wonderdeer.pl\/pl\/wp-json\/wp\/v2\/pages\/1485","targetHints":{"allow":["GET"]}}],"collection":[{"href":"https:\/\/wonderdeer.pl\/pl\/wp-json\/wp\/v2\/pages"}],"about":[{"href":"https:\/\/wonderdeer.pl\/pl\/wp-json\/wp\/v2\/types\/page"}],"author":[{"embeddable":true,"href":"https:\/\/wonderdeer.pl\/pl\/wp-json\/wp\/v2\/users\/1"}],"replies":[{"embeddable":true,"href":"https:\/\/wonderdeer.pl\/pl\/wp-json\/wp\/v2\/comments?post=1485"}],"version-history":[{"count":5,"href":"https:\/\/wonderdeer.pl\/pl\/wp-json\/wp\/v2\/pages\/1485\/revisions"}],"predecessor-version":[{"id":1507,"href":"https:\/\/wonderdeer.pl\/pl\/wp-json\/wp\/v2\/pages\/1485\/revisions\/1507"}],"wp:attachment":[{"href":"https:\/\/wonderdeer.pl\/pl\/wp-json\/wp\/v2\/media?parent=1485"}],"curies":[{"name":"wp","href":"https:\/\/api.w.org\/{rel}","templated":true}]}}