{"id":1107,"date":"2024-01-06T14:40:40","date_gmt":"2024-01-06T13:40:40","guid":{"rendered":"https:\/\/wonderdeer.pl\/?page_id=1107"},"modified":"2024-01-14T09:25:21","modified_gmt":"2024-01-14T08:25:21","slug":"jak-zamawiac","status":"publish","type":"page","link":"https:\/\/wonderdeer.pl\/pl\/jak-zamawiac\/","title":{"rendered":"Jak zamawia\u0107"},"content":{"rendered":"\n<div class=\"wp-block-uagb-container uagb-block-2ff557b3 alignfull uagb-is-root-container\"><div class=\"uagb-container-inner-blocks-wrap\">\n<div class=\"wp-block-uagb-advanced-heading uagb-block-834bc74a\"><h1 class=\"uagb-heading-text\">Jak zamawia\u0107?<\/h1><\/div>\n\n\n\n<p class=\"has-text-align-center has-black-color has-text-color has-link-color wp-elements-a5fb683157cc46e859809a28329f94c3\">Od r\u0119ki mo\u017cesz kupi\u0107 od nas gotowe produkty. Aktualn\u0105 ofert\u0119 znajdziesz na poni\u017cszych platformach.&nbsp;<br>Je\u015bli chcesz z\u0142o\u017cy\u0107 zam\u00f3wienie na spersonalizowany produkt, uzupe\u0142nij<strong> <a href=\"https:\/\/wonderdeer.pl\/contact\/\" data-type=\"page\" data-id=\"330\">formularz kontaktowy<\/a><\/strong>. Tylko op\u0142acone z g\u00f3ry zam\u00f3wienia trafiaj\u0105 na list\u0119 oczekuj\u0105cych do realizacji grawerunk\u00f3w lub grafik.&nbsp;<\/p>\n<\/div><\/div>\n\n\n\n<div class=\"wp-block-uagb-container uagb-block-569d153c alignfull uagb-is-root-container\"><div class=\"uagb-container-inner-blocks-wrap\">\n<div class=\"wp-block-uagb-container uagb-block-08bcd5b3 alignfull uagb-is-root-container\"><div class=\"uagb-container-inner-blocks-wrap\">\n<div class=\"wp-block-uagb-container uagb-block-cd511a8e\">\n<div class=\"wp-block-uagb-image uagb-block-85bc0136 wp-block-uagb-image--layout-default wp-block-uagb-image--effect-static wp-block-uagb-image--align-none\"><figure class=\"wp-block-uagb-image__figure\"><img decoding=\"async\" srcset=\"https:\/\/wonderdeer.pl\/wp-content\/uploads\/2023\/12\/80-1024x683.webp ,https:\/\/wonderdeer.pl\/wp-content\/uploads\/2023\/12\/80-scaled.webp 780w, https:\/\/wonderdeer.pl\/wp-content\/uploads\/2023\/12\/80-scaled.webp 360w\" sizes=\"auto, (max-width: 480px) 150px\" src=\"https:\/\/wonderdeer.pl\/wp-content\/uploads\/2023\/12\/80-1024x683.webp\" alt=\"\" class=\"uag-image-940\" width=\"612\" height=\"399\" title=\"\" loading=\"lazy\"\/><\/figure><\/div>\n<\/div>\n\n\n\n<div class=\"wp-block-uagb-container uagb-block-ad0bf323\">\n<h2 class=\"wp-block-heading has-ast-global-color-5-color has-text-color has-link-color has-large-font-size wp-elements-ace318cdb447a4abb8f4a0cc10a6b302\">Linki do naszych sklep\u00f3w:<\/h2>\n\n\n\n<p><a href=\"https:\/\/www.facebook.com\/WonderDeerJB\">https:\/\/www.facebook.com\/WonderDeerJB<\/a><\/p>\n\n\n\n<p><a href=\"https:\/\/www.instagram.com\/wonderdeerjb\/\">https:\/\/www.instagram.com\/wonderdeerjb\/<\/a><\/p>\n\n\n\n<p><a href=\"https:\/\/www.etsy.com\/de\/shop\/wonderdeerart?ref=profile_header\">https:\/\/www.etsy.com\/de\/shop\/wonderdeerart?ref=profile_header<\/a><\/p>\n\n\n\n<p><a href=\"https:\/\/www.ebay.de\/usr\/trofeos?_trksid=p4429486.m3561.l2559\">https:\/\/www.ebay.de\/usr\/trofeos?_trksid=p4429486.m3561.l2559<\/a><\/p>\n\n\n\n<p><a href=\"https:\/\/www.olx.pl\/oferty\/uzytkownik\/t75aY\/\">https:\/\/www.olx.pl\/oferty\/uzytkownik\/t75aY\/<\/a><\/p>\n<\/div>\n<\/div><\/div>\n<\/div><\/div>\n","protected":false},"excerpt":{"rendered":"<p>Jak zamawia\u0107? Od r\u0119ki mo\u017cesz kupi\u0107 od nas gotowe produkty. Aktualn\u0105 ofert\u0119 znajdziesz na poni\u017cszych platformach.&nbsp;Je\u015bli chcesz z\u0142o\u017cy\u0107 zam\u00f3wienie na spersonalizowany produkt, uzupe\u0142nij formularz kontaktowy. Tylko op\u0142acone z g\u00f3ry zam\u00f3wienia trafiaj\u0105 na list\u0119 oczekuj\u0105cych do realizacji grawerunk\u00f3w lub grafik.&nbsp; Linki do naszych sklep\u00f3w: https:\/\/www.facebook.com\/WonderDeerJB https:\/\/www.instagram.com\/wonderdeerjb\/ https:\/\/www.etsy.com\/de\/shop\/wonderdeerart?ref=profile_header https:\/\/www.ebay.de\/usr\/trofeos?_trksid=p4429486.m3561.l2559 https:\/\/www.olx.pl\/oferty\/uzytkownik\/t75aY\/<\/p>\n","protected":false},"author":1,"featured_media":0,"parent":0,"menu_order":0,"comment_status":"closed","ping_status":"closed","template":"","meta":{"_acf_changed":false,"_uag_custom_page_level_css":"","site-sidebar-layout":"no-sidebar","site-content-layout":"plain-container","ast-site-content-layout":"normal-width-container","site-content-style":"unboxed","site-sidebar-style":"unboxed","ast-global-header-display":"","ast-banner-title-visibility":"","ast-main-header-display":"","ast-hfb-above-header-display":"","ast-hfb-below-header-display":"","ast-hfb-mobile-header-display":"","site-post-title":"disabled","ast-breadcrumbs-content":"","ast-featured-img":"disabled","footer-sml-layout":"","ast-disable-related-posts":"","theme-transparent-header-meta":"default","adv-header-id-meta":"","stick-header-meta":"","header-above-stick-meta":"","header-main-stick-meta":"","header-below-stick-meta":"","astra-migrate-meta-layouts":"set","ast-page-background-enabled":"default","ast-page-background-meta":{"desktop":{"background-color":"var(--ast-global-color-4)","background-image":"","background-repeat":"repeat","background-position":"center center","background-size":"auto","background-attachment":"scroll","background-type":"","background-media":"","overlay-type":"","overlay-color":"","overlay-opacity":"","overlay-gradient":""},"tablet":{"background-color":"","background-image":"","background-repeat":"repeat","background-position":"center center","background-size":"auto","background-attachment":"scroll","background-type":"","background-media":"","overlay-type":"","overlay-color":"","overlay-opacity":"","overlay-gradient":""},"mobile":{"background-color":"","background-image":"","background-repeat":"repeat","background-position":"center center","background-size":"auto","background-attachment":"scroll","background-type":"","background-media":"","overlay-type":"","overlay-color":"","overlay-opacity":"","overlay-gradient":""}},"ast-content-background-meta":{"desktop":{"background-color":"var(--ast-global-color-5)","background-image":"","background-repeat":"repeat","background-position":"center center","background-size":"auto","background-attachment":"scroll","background-type":"","background-media":"","overlay-type":"","overlay-color":"","overlay-opacity":"","overlay-gradient":""},"tablet":{"background-color":"var(--ast-global-color-5)","background-image":"","background-repeat":"repeat","background-position":"center center","background-size":"auto","background-attachment":"scroll","background-type":"","background-media":"","overlay-type":"","overlay-color":"","overlay-opacity":"","overlay-gradient":""},"mobile":{"background-color":"var(--ast-global-color-5)","background-image":"","background-repeat":"repeat","background-position":"center center","background-size":"auto","background-attachment":"scroll","background-type":"","background-media":"","overlay-type":"","overlay-color":"","overlay-opacity":"","overlay-gradient":""}},"footnotes":""},"class_list":["post-1107","page","type-page","status-publish","hentry"],"acf":[],"uagb_featured_image_src":{"full":false,"thumbnail":false,"medium":false,"medium_large":false,"large":false,"1536x1536":false,"2048x2048":false,"trp-custom-language-flag":false},"uagb_author_info":{"display_name":"ncoder","author_link":"https:\/\/wonderdeer.pl\/pl\/author\/ncoder\/"},"uagb_comment_info":0,"uagb_excerpt":"Jak zamawia\u0107? Od r\u0119ki mo\u017cesz kupi\u0107 od nas gotowe produkty. Aktualn\u0105 ofert\u0119 znajdziesz na poni\u017cszych platformach.&nbsp;Je\u015bli chcesz z\u0142o\u017cy\u0107 zam\u00f3wienie na spersonalizowany produkt, uzupe\u0142nij formularz kontaktowy. Tylko op\u0142acone z g\u00f3ry zam\u00f3wienia trafiaj\u0105 na list\u0119 oczekuj\u0105cych do realizacji grawerunk\u00f3w lub grafik.&nbsp; Linki do naszych sklep\u00f3w: https:\/\/www.facebook.com\/WonderDeerJB https:\/\/www.instagram.com\/wonderdeerjb\/ https:\/\/www.etsy.com\/de\/shop\/wonderdeerart?ref=profile_header https:\/\/www.ebay.de\/usr\/trofeos?_trksid=p4429486.m3561.l2559 https:\/\/www.olx.pl\/oferty\/uzytkownik\/t75aY\/","_links":{"self":[{"href":"https:\/\/wonderdeer.pl\/pl\/wp-json\/wp\/v2\/pages\/1107","targetHints":{"allow":["GET"]}}],"collection":[{"href":"https:\/\/wonderdeer.pl\/pl\/wp-json\/wp\/v2\/pages"}],"about":[{"href":"https:\/\/wonderdeer.pl\/pl\/wp-json\/wp\/v2\/types\/page"}],"author":[{"embeddable":true,"href":"https:\/\/wonderdeer.pl\/pl\/wp-json\/wp\/v2\/users\/1"}],"replies":[{"embeddable":true,"href":"https:\/\/wonderdeer.pl\/pl\/wp-json\/wp\/v2\/comments?post=1107"}],"version-history":[{"count":10,"href":"https:\/\/wonderdeer.pl\/pl\/wp-json\/wp\/v2\/pages\/1107\/revisions"}],"predecessor-version":[{"id":1266,"href":"https:\/\/wonderdeer.pl\/pl\/wp-json\/wp\/v2\/pages\/1107\/revisions\/1266"}],"wp:attachment":[{"href":"https:\/\/wonderdeer.pl\/pl\/wp-json\/wp\/v2\/media?parent=1107"}],"curies":[{"name":"wp","href":"https:\/\/api.w.org\/{rel}","templated":true}]}}