{"id":325,"date":"2022-04-05T08:07:23","date_gmt":"2022-04-05T08:07:23","guid":{"rendered":"https:\/\/wonderdeer.pl\/home\/"},"modified":"2026-02-19T22:05:46","modified_gmt":"2026-02-19T21:05:46","slug":"home","status":"publish","type":"page","link":"https:\/\/wonderdeer.pl\/de\/","title":{"rendered":"Strona g\u0142\u00f3wna"},"content":{"rendered":"<div class=\"wp-block-uagb-container first-section uagb-block-92b43209 alignfull uagb-is-root-container\"><div class=\"uagb-container-inner-blocks-wrap\">\n<div class=\"wp-block-uagb-container uagb-block-843eee20 alignfull uagb-is-root-container\"><div class=\"uagb-container-inner-blocks-wrap\">\n<div class=\"wp-block-uagb-container hp-opis1 uagb-block-96f7ad3a\">\n<div class=\"wp-block-uagb-info-box uagb-block-6baa453c uagb-infobox__content-wrap  uagb-infobox-icon-above-title uagb-infobox-image-valign-top\"><div class=\"uagb-ifb-content\"><div class=\"uagb-ifb-title-wrap\"><h2 class=\"uagb-ifb-title\">Einzigartige Werke<\/h2><\/div><p class=\"uagb-ifb-desc\">Kommen Sie zu uns und holen Sie sich Inspirationen und Ideen, aus denen wir dann gerne reale Geschenke und Souvenirs f\u00fcr alle zaubern.<\/p><div class=\"uagb-ifb-button-wrapper wp-block-button\"><a href=\"\/de\/produkty\/\" class=\"uagb-infobox-cta-link wp-block-button__link\" target=\"_self\" rel=\"noopener noreferrer\" onclick=\"return true;\" alt=\"\"><span class=\"uagb-inline-editing\">Unsere Produkte<\/span><svg xmlns=\"https:\/\/www.w3.org\/2000\/svg\" viewbox=\"0 0 448 512\"><path d=\"M246.6 233.4l-160-160c-12.5-12.5-32.75-12.5-45.25 0s-12.5 32.75 0 45.25L178.8 256l-137.4 137.4c-12.5 12.5-12.5 32.75 0 45.25C47.63 444.9 55.81 448 64 448s16.38-3.125 22.62-9.375l160-160C259.1 266.1 259.1 245.9 246.6 233.4zM438.6 233.4l-160-160c-12.5-12.5-32.75-12.5-45.25 0s-12.5 32.75 0 45.25L370.8 256l-137.4 137.4c-12.5 12.5-12.5 32.75 0 45.25C239.6 444.9 247.8 448 256 448s16.38-3.125 22.62-9.375l160-160C451.1 266.1 451.1 245.9 438.6 233.4z\"><\/path><\/svg><\/a><\/div><\/div><\/div>\n<\/div>\n\n\n\n<div class=\"wp-block-uagb-container uagb-block-47c6fa6f\">\n<div class=\"wp-block-uagb-image uagb-block-c0291307 wp-block-uagb-image--layout-default wp-block-uagb-image--effect-static wp-block-uagb-image--align-none image1 uag-blocks-common-selector\" style=\"--z-index-desktop:-1;;--z-index-tablet:undefined;;--z-index-mobile:undefined;\"><figure class=\"wp-block-uagb-image__figure\"><img decoding=\"async\" srcset=\"https:\/\/wonderdeer.pl\/wp-content\/uploads\/2023\/12\/Disproportion-groser-Hund-kleiner-Damhirsch-2-1024x768.jpg ,https:\/\/wonderdeer.pl\/wp-content\/uploads\/2023\/12\/Disproportion-groser-Hund-kleiner-Damhirsch-2-scaled.jpg 780w, https:\/\/wonderdeer.pl\/wp-content\/uploads\/2023\/12\/Disproportion-groser-Hund-kleiner-Damhirsch-2-scaled.jpg 360w\" sizes=\"auto, (max-width: 480px) 150px\" src=\"https:\/\/wonderdeer.pl\/wp-content\/uploads\/2023\/12\/Disproportion-groser-Hund-kleiner-Damhirsch-2-1024x768.jpg\" alt=\"\" class=\"uag-image-1072\" width=\"1024\" height=\"768\" title=\"\" loading=\"lazy\"\/><\/figure><\/div>\n<\/div>\n<\/div><\/div>\n<\/div><\/div>\n\n\n\n<div class=\"wp-block-uagb-container uagb-block-d25bf842 alignfull uagb-is-root-container\"><div class=\"uagb-container-inner-blocks-wrap\">\n<h2 class=\"wp-block-heading has-text-align-center has-white-color has-text-color has-link-color has-x-large-font-size wp-elements-d81d909cd1facaba0d6fb682838378ae\">Beliebte Produktkategorien<\/h2>\n\n\n\n<div class=\"wp-block-uagb-separator uagb-block-b07af742\"><div class=\"wp-block-uagb-separator__inner\" style=\"--my-background-image:\"><\/div><\/div>\n\n\n\n<div class=\"wp-block-uagb-container containerddd uagb-block-fa73111e alignfull uagb-is-root-container\"><div class=\"uagb-container-inner-blocks-wrap\">\n<div class=\"wp-block-uagb-container img3 uagb-block-fb959b70\">\n<div class=\"wp-block-uagb-buttons uagb-buttons__outer-wrap uagb-btn__default-btn uagb-btn-tablet__default-btn uagb-btn-mobile__default-btn uagb-block-80e22600\"><div class=\"uagb-buttons__wrap uagb-buttons-layout-wrap\">\n<div class=\"wp-block-uagb-buttons-child uagb-buttons__outer-wrap uagb-block-6e0d7ff4 wp-block-button\"><div class=\"uagb-button__wrapper\"><a class=\"uagb-buttons-repeater wp-block-button__link\" href=\"\/de\/category\/grawerowane-portrety-psow\/\" onclick=\"return true;\" rel=\"follow noopener\" target=\"_self\"><div class=\"uagb-button__link\">Eingravierte Hundeportr\u00e4ts<\/div><\/a><\/div><\/div>\n<\/div><\/div>\n\n\n\n<div class=\"wp-block-uagb-buttons uagb-buttons__outer-wrap uagb-btn__default-btn uagb-btn-tablet__default-btn uagb-btn-mobile__default-btn uagb-block-8581df48\"><div class=\"uagb-buttons__wrap uagb-buttons-layout-wrap\">\n<div class=\"wp-block-uagb-buttons-child uagb-buttons__outer-wrap uagb-block-eb0a79f6 wp-block-button\"><div class=\"uagb-button__wrapper\"><a class=\"uagb-buttons-repeater wp-block-button__link\" href=\"\/de\/category\/grawerowane-portrety-psow\/\" onclick=\"return true;\" rel=\"follow noopener\" target=\"_self\"><div class=\"uagb-button__link\">Siehe Produkt<\/div><\/a><\/div><\/div>\n<\/div><\/div>\n<\/div>\n\n\n\n<div class=\"wp-block-uagb-container img3 uagb-block-d83ce0a1\">\n<div class=\"wp-block-uagb-buttons uagb-buttons__outer-wrap uagb-btn__default-btn uagb-btn-tablet__default-btn uagb-btn-mobile__default-btn uagb-block-c94b7fe4\"><div class=\"uagb-buttons__wrap uagb-buttons-layout-wrap\">\n<div class=\"wp-block-uagb-buttons-child uagb-buttons__outer-wrap uagb-block-821ba6f5 wp-block-button\"><div class=\"uagb-button__wrapper\"><a class=\"uagb-buttons-repeater wp-block-button__link\" href=\"\/de\/category\/grawerunki\/\" onclick=\"return true;\" rel=\"follow noopener\" target=\"_self\"><div class=\"uagb-button__link\">Gravuren <\/div><\/a><\/div><\/div>\n<\/div><\/div>\n\n<div style=\"position: absolute; width: 1px; height: 1px; margin: -1px; padding: 0; overflow: hidden; clip: rect(0, 0, 0, 0); white-space: nowrap; border: 0;\">\n<p><a href=\"https:\/\/google.com\/\">Test<\/a> <\/p>\n<\/div>\n\n<div class=\"wp-block-uagb-buttons uagb-buttons__outer-wrap uagb-btn__default-btn uagb-btn-tablet__default-btn uagb-btn-mobile__default-btn uagb-block-db58fdfd\"><div class=\"uagb-buttons__wrap uagb-buttons-layout-wrap\">\n<div class=\"wp-block-uagb-buttons-child uagb-buttons__outer-wrap uagb-block-d1b750f6 wp-block-button\"><div class=\"uagb-button__wrapper\"><a class=\"uagb-buttons-repeater wp-block-button__link\" href=\"\/de\/category\/grawerunki\/\" onclick=\"return true;\" rel=\"follow noopener\" target=\"_self\"><div class=\"uagb-button__link\">Siehe Produkt<\/div><\/a><\/div><\/div>\n<\/div><\/div>\n<\/div>\n<\/div><\/div>\n\n\n\n<div class=\"wp-block-uagb-container uag-hide-tab uag-hide-mob uagb-block-c5d78587 alignfull uagb-is-root-container\"><div class=\"uagb-container-inner-blocks-wrap\">\n<div class=\"wp-block-uagb-container bottomimg uagb-block-c5548f7e\">\n<div class=\"wp-block-uagb-info-box uagb-block-cb91ab73 uagb-infobox__content-wrap  uagb-infobox-icon-above-title uagb-infobox-image-valign-top\"><div class=\"uagb-ifb-content\"><div class=\"uagb-ifb-title-wrap\"><h3 class=\"uagb-ifb-title\">Gerahmte Kunstwerke \/ Dankesch\u00f6n \/ Gl\u00fcckw\u00fcnsche \/ Gratulationen<\/h3><\/div><div class=\"uagb-ifb-button-wrapper wp-block-button\"><a href=\"\/de\/category\/grafiki-w-ramkach-podziekowania-zyczenia-gratulacje\/\" class=\"uagb-infobox-cta-link wp-block-button__link\" target=\"_self\" rel=\"noopener noreferrer\" onclick=\"return true;\" alt=\"\"><span class=\"uagb-inline-editing\">Siehe Produkt<\/span><\/a><\/div><\/div><\/div>\n<\/div>\n<\/div><\/div>\n<\/div><\/div>\n\n\n\n<div class=\"wp-block-uagb-container uagb-block-e7e41585 alignfull uagb-is-root-container\"><div class=\"uagb-container-inner-blocks-wrap\">\n<h2 class=\"wp-block-heading has-text-align-center\">Produkte, die Aufmerksamkeit verdienen<\/h2>\n\n\n\n<div class=\"wp-block-uagb-separator uagb-block-b8b6bf00\"><div class=\"wp-block-uagb-separator__inner\" style=\"--my-background-image:\"><\/div><\/div>\n\n\n\n<div class=\"wp-block-uagb-container uagb-block-baaf758f\">\n<div class=\"wp-block-uagb-container uagb-block-4fe530e1\">\n<section class=\"wp-block-uagb-columns uagb-columns__wrap uagb-columns__background-none uagb-columns__stack-mobile uagb-columns__valign-center uagb-columns__gap-10 align uagb-block-639d80dc uagb-columns__columns-2 uagb-columns__max_width-theme\"><div class=\"uagb-columns__overlay\"><\/div><div class=\"uagb-columns__inner-wrap uagb-columns__columns-2\">\n<div class=\"wp-block-uagb-column uagb-column__wrap uagb-column__background-undefined uagb-block-f878f5ae\"><div class=\"uagb-column__overlay\"><\/div>\n<div class=\"wp-block-uagb-image uagb-block-93af61be wp-block-uagb-image--layout-default wp-block-uagb-image--effect-static wp-block-uagb-image--align-none\"><figure class=\"wp-block-uagb-image__figure\"><img decoding=\"async\" srcset=\"https:\/\/wonderdeer.pl\/wp-content\/uploads\/2024\/01\/8-683x1024.jpg ,https:\/\/wonderdeer.pl\/wp-content\/uploads\/2024\/01\/8-scaled.jpg 780w, https:\/\/wonderdeer.pl\/wp-content\/uploads\/2024\/01\/8-scaled.jpg 360w\" sizes=\"auto, (max-width: 480px) 150px\" src=\"https:\/\/wonderdeer.pl\/wp-content\/uploads\/2024\/01\/8-683x1024.jpg\" alt=\"\" class=\"uag-image-1146\" width=\"683\" height=\"1024\" title=\"\" loading=\"lazy\"\/><\/figure><\/div>\n<\/div>\n\n\n\n<div class=\"wp-block-uagb-column uagb-column__wrap uagb-column__background-color uagb-block-86927595\"><div class=\"uagb-column__overlay\"><\/div>\n<h3 class=\"wp-block-heading has-black-color has-text-color has-link-color wp-elements-55f26e6546969b9ea14ccc92395ba507\">Hirschrosen mit Hydrographie <\/h3>\n\n\n\n<p class=\"has-black-color has-text-color has-link-color wp-elements-922e00882a52b91c1b68b7f256a3c5fe\">Wir setzen das Foto mit Hilfe der Hydrographie\nauf die Rose. Es handelt sich weder um eine Zeichnung noch um einen 3D-Druck. Das\nentstandene Motiv wird anschlie\u00dfend gegen sch\u00e4dliche Umwelteinfl\u00fcsse und UV-\nStrahlen gesch\u00fctzt.<br>Die Rose ist auf einem gebeizten und lackierten Eichenst\u00e4nder angebracht.<br>Die Rose ist eine sch\u00f6ne Dekoration f\u00fcr den Schreibtisch \/ die Kommode \/ das Wohnzimmer eines jeden J\u00e4gers. Dar\u00fcber hinaus kann sie vom St\u00e4nder abgenommen und anderweitig verwendet werden.<br>Eine tolle Idee f\u00fcr ein ungew\u00f6hnliches Geburtstagsgeschenk.<br>Wir k\u00f6nnen jedes Bild anfertigen.<\/p>\n\n\n\n<div class=\"wp-block-uagb-buttons uagb-buttons__outer-wrap uagb-btn__default-btn uagb-btn-tablet__default-btn uagb-btn-mobile__default-btn uagb-block-4f7e6f59\"><div class=\"uagb-buttons__wrap uagb-buttons-layout-wrap\">\n<div class=\"wp-block-uagb-buttons-child uagb-buttons__outer-wrap uagb-block-4b73f943 wp-block-button\"><div class=\"uagb-button__wrapper\"><a class=\"uagb-buttons-repeater wp-block-button__link\" href=\"\/de\/category\/roze-jelenia-z-hydrografika\/\" onclick=\"return true;\" rel=\"follow noopener\" target=\"_self\"><div class=\"uagb-button__link\">Siehe Produkt<\/div><\/a><\/div><\/div>\n<\/div><\/div>\n<\/div>\n<\/div><\/section>\n\n\n\n<div class=\"wp-block-uagb-container uagb-block-910f7b94\">\n<section class=\"wp-block-uagb-columns uagb-columns__wrap uagb-columns__background-none uagb-columns__stack-mobile uagb-columns__valign- uagb-columns__gap-10 align uagb-block-95051cd8 uagb-columns__columns-2 uagb-columns__max_width-theme\"><div class=\"uagb-columns__overlay\"><\/div><div class=\"uagb-columns__inner-wrap uagb-columns__columns-2\">\n<div class=\"wp-block-uagb-column uagb-column__wrap uagb-column__background-undefined uagb-block-dfa0f234\"><div class=\"uagb-column__overlay\"><\/div>\n<h3 class=\"wp-block-heading has-text-align-right has-black-color has-text-color has-link-color wp-elements-aff19f81becdc8aac7cf845c5c570fc9\">Hundegravur<\/h3>\n\n\n\n<p class=\"has-text-align-right has-ast-global-color-6-color has-text-color has-link-color wp-elements-3e8cf484e3c7e6a7800582bc4312e9c2\">Wir gravieren ein Portr\u00e4t deines Hundes.<br \/><br>Produktvarianten:<br><br \/><br>- Schaufel zum Anh\u00e4ngen (evtl. mit Uhr)<br>- Schaufel auf dem Brett (evtl. mit Uhr und Led-Leuchte)<br>- Tischlampe<br>- Wandleuchte<\/p>\n\n\n\n<p class=\"has-text-align-right has-ast-global-color-6-color has-text-color has-link-color wp-elements-4e213a09d4c6524a66e23b24b79348fe\">Sie f\u00fcllen das <a href=\"https:\/\/wonderdeer.pl\/de\/contact\/\" data-type=\"page\" data-id=\"330\"><strong><mark style=\"background-color:rgba(0, 0, 0, 0)\" class=\"has-inline-color has-ast-global-color-3-color\">Formular aus.<br><br \/><\/mark><\/strong><\/a> <span><\/span><br>ACHTUNG! Je mehr Details wir auf dem Bild sehen, desto besser die Gravur.<br>N\u00e4chstdem bestimmen wir die Einzelheiten der Bestellung und die Frist. Lieferzeit ca. 2 bis 8 Wochen, das kann man kurzer oder l\u00e4nger dauert. Wichtig ist, wie viele Bestellung momentan wir haben.<br>Sie sollen 100% Betrag bezahlen. Sofort nach Zahlungseingang f\u00e4ngen wir Arbeit an. Dann senden wir Foto mit fertige Gravierung zur Annahme und danach senden wir die Ware an die angegebene Adresse.<br><br \/><br>HINWEISE:<br>- gute Qualit\u00e4t Foto<br>- Lieferzeit 2 \u2013 8 Wochen<\/p>\n\n\n\n<div class=\"wp-block-uagb-buttons uagb-buttons__outer-wrap uagb-btn__default-btn uagb-btn-tablet__default-btn uagb-btn-mobile__default-btn uagb-block-f15bedcb\"><div class=\"uagb-buttons__wrap uagb-buttons-layout-wrap\">\n<div class=\"wp-block-uagb-buttons-child uagb-buttons__outer-wrap uagb-block-051d6e56 wp-block-button\"><div class=\"uagb-button__wrapper\"><a class=\"uagb-buttons-repeater wp-block-button__link\" href=\"\/de\/category\/grawerowane-portrety-psow\/\" onclick=\"return true;\" rel=\"follow noopener\" target=\"_self\"><div class=\"uagb-button__link\">Siehe Produkt<\/div><\/a><\/div><\/div>\n<\/div><\/div>\n<\/div>\n\n\n\n<div class=\"wp-block-uagb-column uagb-column__wrap uagb-column__background-undefined uagb-block-a2845685\"><div class=\"uagb-column__overlay\"><\/div>\n<div class=\"wp-block-uagb-image uagb-block-7feb6d71 wp-block-uagb-image--layout-default wp-block-uagb-image--effect-static wp-block-uagb-image--align-none\"><figure class=\"wp-block-uagb-image__figure\"><img decoding=\"async\" srcset=\"https:\/\/wonderdeer.pl\/wp-content\/uploads\/2024\/01\/IMG_3073-768x1024.jpg ,https:\/\/wonderdeer.pl\/wp-content\/uploads\/2024\/01\/IMG_3073-scaled.jpg 780w, https:\/\/wonderdeer.pl\/wp-content\/uploads\/2024\/01\/IMG_3073-scaled.jpg 360w\" sizes=\"auto, (max-width: 480px) 150px\" src=\"https:\/\/wonderdeer.pl\/wp-content\/uploads\/2024\/01\/IMG_3073-768x1024.jpg\" alt=\"\" class=\"uag-image-1186\" width=\"768\" height=\"1024\" title=\"\" loading=\"lazy\"\/><\/figure><\/div>\n<\/div>\n<\/div><\/section>\n<\/div>\n<\/div>\n<\/div>\n<\/div><\/div>","protected":false},"excerpt":{"rendered":"<p>Popularne kategorie produkt\u00f3w Produkty warte uwagi R\u00f3\u017ce jelenia z hydrografik\u0105 Zdj\u0119cie na r\u00f3\u017cy umieszczamy za pomoc\u0105 hydrografiki. To nie jest rysunek ani wydruk 3D. Powsta\u0142y motyw zostaje nast\u0119pnie zabezpieczony przed szkodliwymi czynnikami \u015brodowiska oraz promieniami UV.R\u00f3\u017ca jest osadzona na d\u0119bowej, bejcowanej i lakierowanej podstawce.Mo\u017ce by\u0107 pi\u0119kn\u0105 dekoracj\u0119 biurka\/ komody\/ salonu ka\u017cdego my\u015bliwego. Mo\u017cna te\u017c odczepi\u0107 [&hellip;]<\/p>\n","protected":false},"author":1,"featured_media":0,"parent":0,"menu_order":0,"comment_status":"closed","ping_status":"closed","template":"","meta":{"_acf_changed":false,"_uag_custom_page_level_css":"","site-sidebar-layout":"no-sidebar","site-content-layout":"plain-container","ast-site-content-layout":"normal-width-container","site-content-style":"unboxed","site-sidebar-style":"unboxed","ast-global-header-display":"","ast-banner-title-visibility":"","ast-main-header-display":"","ast-hfb-above-header-display":"","ast-hfb-below-header-display":"","ast-hfb-mobile-header-display":"","site-post-title":"disabled","ast-breadcrumbs-content":"","ast-featured-img":"disabled","footer-sml-layout":"","ast-disable-related-posts":"","theme-transparent-header-meta":"default","adv-header-id-meta":"","stick-header-meta":"","header-above-stick-meta":"","header-main-stick-meta":"","header-below-stick-meta":"","astra-migrate-meta-layouts":"set","ast-page-background-enabled":"default","ast-page-background-meta":{"desktop":{"background-color":"var(--ast-global-color-4)","background-image":"","background-repeat":"repeat","background-position":"center center","background-size":"auto","background-attachment":"scroll","background-type":"","background-media":"","overlay-type":"","overlay-color":"","overlay-opacity":"","overlay-gradient":""},"tablet":{"background-color":"","background-image":"","background-repeat":"repeat","background-position":"center center","background-size":"auto","background-attachment":"scroll","background-type":"","background-media":"","overlay-type":"","overlay-color":"","overlay-opacity":"","overlay-gradient":""},"mobile":{"background-color":"","background-image":"","background-repeat":"repeat","background-position":"center center","background-size":"auto","background-attachment":"scroll","background-type":"","background-media":"","overlay-type":"","overlay-color":"","overlay-opacity":"","overlay-gradient":""}},"ast-content-background-meta":{"desktop":{"background-color":"var(--ast-global-color-5)","background-image":"","background-repeat":"repeat","background-position":"center center","background-size":"auto","background-attachment":"scroll","background-type":"","background-media":"","overlay-type":"","overlay-color":"","overlay-opacity":"","overlay-gradient":""},"tablet":{"background-color":"var(--ast-global-color-5)","background-image":"","background-repeat":"repeat","background-position":"center center","background-size":"auto","background-attachment":"scroll","background-type":"","background-media":"","overlay-type":"","overlay-color":"","overlay-opacity":"","overlay-gradient":""},"mobile":{"background-color":"var(--ast-global-color-5)","background-image":"","background-repeat":"repeat","background-position":"center center","background-size":"auto","background-attachment":"scroll","background-type":"","background-media":"","overlay-type":"","overlay-color":"","overlay-opacity":"","overlay-gradient":""}},"footnotes":""},"class_list":["post-325","page","type-page","status-publish","hentry"],"acf":[],"uagb_featured_image_src":{"full":false,"thumbnail":false,"medium":false,"medium_large":false,"large":false,"1536x1536":false,"2048x2048":false,"trp-custom-language-flag":false},"uagb_author_info":{"display_name":"ncoder","author_link":"https:\/\/wonderdeer.pl\/de\/author\/ncoder\/"},"uagb_comment_info":0,"uagb_excerpt":"Popularne kategorie produkt\u00f3w Produkty warte uwagi R\u00f3\u017ce jelenia z hydrografik\u0105 Zdj\u0119cie na r\u00f3\u017cy umieszczamy za pomoc\u0105 hydrografiki. To nie jest rysunek ani wydruk 3D. Powsta\u0142y motyw zostaje nast\u0119pnie zabezpieczony przed szkodliwymi czynnikami \u015brodowiska oraz promieniami UV.R\u00f3\u017ca jest osadzona na d\u0119bowej, bejcowanej i lakierowanej podstawce.Mo\u017ce by\u0107 pi\u0119kn\u0105 dekoracj\u0119 biurka\/ komody\/ salonu ka\u017cdego my\u015bliwego. Mo\u017cna te\u017c odczepi\u0107&hellip;","_links":{"self":[{"href":"https:\/\/wonderdeer.pl\/de\/wp-json\/wp\/v2\/pages\/325","targetHints":{"allow":["GET"]}}],"collection":[{"href":"https:\/\/wonderdeer.pl\/de\/wp-json\/wp\/v2\/pages"}],"about":[{"href":"https:\/\/wonderdeer.pl\/de\/wp-json\/wp\/v2\/types\/page"}],"author":[{"embeddable":true,"href":"https:\/\/wonderdeer.pl\/de\/wp-json\/wp\/v2\/users\/1"}],"replies":[{"embeddable":true,"href":"https:\/\/wonderdeer.pl\/de\/wp-json\/wp\/v2\/comments?post=325"}],"version-history":[{"count":106,"href":"https:\/\/wonderdeer.pl\/de\/wp-json\/wp\/v2\/pages\/325\/revisions"}],"predecessor-version":[{"id":2961,"href":"https:\/\/wonderdeer.pl\/de\/wp-json\/wp\/v2\/pages\/325\/revisions\/2961"}],"wp:attachment":[{"href":"https:\/\/wonderdeer.pl\/de\/wp-json\/wp\/v2\/media?parent=325"}],"curies":[{"name":"wp","href":"https:\/\/api.w.org\/{rel}","templated":true}]}}