{"id":1509,"date":"2024-02-03T14:38:19","date_gmt":"2024-02-03T13:38:19","guid":{"rendered":"https:\/\/wonderdeer.pl\/?page_id=1509"},"modified":"2024-02-03T14:38:19","modified_gmt":"2024-02-03T13:38:19","slug":"formy-platnosci","status":"publish","type":"page","link":"https:\/\/wonderdeer.pl\/de\/formy-platnosci\/","title":{"rendered":"Zahlungsarten"},"content":{"rendered":"","protected":false},"excerpt":{"rendered":"","protected":false},"author":1,"featured_media":0,"parent":0,"menu_order":0,"comment_status":"closed","ping_status":"closed","template":"page-regulaminy.php","meta":{"_acf_changed":false,"_uag_custom_page_level_css":"","site-sidebar-layout":"default","site-content-layout":"","ast-site-content-layout":"default","site-content-style":"default","site-sidebar-style":"default","ast-global-header-display":"","ast-banner-title-visibility":"","ast-main-header-display":"","ast-hfb-above-header-display":"","ast-hfb-below-header-display":"","ast-hfb-mobile-header-display":"","site-post-title":"","ast-breadcrumbs-content":"","ast-featured-img":"","footer-sml-layout":"","ast-disable-related-posts":"","theme-transparent-header-meta":"","adv-header-id-meta":"","stick-header-meta":"","header-above-stick-meta":"","header-main-stick-meta":"","header-below-stick-meta":"","astra-migrate-meta-layouts":"set","ast-page-background-enabled":"default","ast-page-background-meta":{"desktop":{"background-color":"var(--ast-global-color-4)","background-image":"","background-repeat":"repeat","background-position":"center center","background-size":"auto","background-attachment":"scroll","background-type":"","background-media":"","overlay-type":"","overlay-color":"","overlay-opacity":"","overlay-gradient":""},"tablet":{"background-color":"","background-image":"","background-repeat":"repeat","background-position":"center center","background-size":"auto","background-attachment":"scroll","background-type":"","background-media":"","overlay-type":"","overlay-color":"","overlay-opacity":"","overlay-gradient":""},"mobile":{"background-color":"","background-image":"","background-repeat":"repeat","background-position":"center center","background-size":"auto","background-attachment":"scroll","background-type":"","background-media":"","overlay-type":"","overlay-color":"","overlay-opacity":"","overlay-gradient":""}},"ast-content-background-meta":{"desktop":{"background-color":"var(--ast-global-color-5)","background-image":"","background-repeat":"repeat","background-position":"center center","background-size":"auto","background-attachment":"scroll","background-type":"","background-media":"","overlay-type":"","overlay-color":"","overlay-opacity":"","overlay-gradient":""},"tablet":{"background-color":"var(--ast-global-color-5)","background-image":"","background-repeat":"repeat","background-position":"center center","background-size":"auto","background-attachment":"scroll","background-type":"","background-media":"","overlay-type":"","overlay-color":"","overlay-opacity":"","overlay-gradient":""},"mobile":{"background-color":"var(--ast-global-color-5)","background-image":"","background-repeat":"repeat","background-position":"center center","background-size":"auto","background-attachment":"scroll","background-type":"","background-media":"","overlay-type":"","overlay-color":"","overlay-opacity":"","overlay-gradient":""}},"footnotes":""},"class_list":["post-1509","page","type-page","status-publish","hentry"],"acf":{"tresc_regulaminu_pl":"<h2>Formy P\u0142atno\u015bci<\/h2>\r\nOferujemy nast\u0119puj\u0105ce opcje p\u0142atno\u015bci:\r\n\r\n<strong>\u00a0\u00a0\u00a0 Przelew bankowy<\/strong>\r\n\r\nProsty i bezp\u0142atny, z pomoc\u0105 IBAN i BIC r\u00f3wnie\u017c z zagranicy - klasyczny przelew bankowy. Przelewasz kwot\u0119 faktury na nasze konto - po otrzymaniu p\u0142atno\u015bci Twoje zam\u00f3wienie zostanie natychmiast wys\u0142ane.\r\n\r\nDane bankowe: mBank Polska\r\n\r\nPosiadacz konta: Joanna Bu\u0142as\r\n\r\nNumer\u00a0konta: <strong>PL79 1140 2004 0000 3802 8053 5159<\/strong>\r\n\r\nBIC\/SWIFT: BREXPLPWMBK\r\n\r\n&nbsp;\r\n\r\n<strong>\u00a0\u00a0\u00a0 <\/strong><strong>PayPal:<\/strong>\r\n\r\n&nbsp;\r\n\r\nZap\u0142a\u0107 zam\u00f3wienie \u0142atwo, szybko i bezpiecznie z Paypal. Twoje zam\u00f3wienie zostanie wys\u0142ane natychmiast po otrzymaniu pieni\u0119dzy! Aby skorzysta\u0107 z tej metody p\u0142atno\u015bci, wystarczy posiada\u0107 konto w Paypal, kt\u00f3re za\u0142o\u017cysz szybko i bezp\u0142atnie na www.paypal.com (adres Paypal: <strong>info.wonderdeer@gmail.com<\/strong>)\r\n\r\n&nbsp;\r\n\r\n&nbsp;\r\n\r\nZam\u00f3wienie zostanie wys\u0142ane natychmiast po otrzymaniu p\u0142atno\u015bci. Oczywi\u015bcie o wszelkich zmianach statusu b\u0119dziemy informowa\u0107 Pa\u0144stwa drog\u0105 mailow\u0105.","tresc_regulaminu_de":"<h2><u><strong>Zahlungsmethoden <\/strong><\/u><\/h2>\r\nSie k\u00f6nnen wahlweise per Vorkasse: <strong>Bank\u00fcberweisung<\/strong>, PayPal oder Kreditkarte bezahlen.\r\n\r\nFolgende Zahlungsm\u00f6glichkeiten bieten wir an:\r\n<ol>\r\n \t<li>\r\n<strong> \u00dcberweisung\/Vorkasse:<\/strong><\/li>\r\n<\/ol>\r\nEinfach und kostenlos, mit Hilfe von IBAN und BIC auch aus dem Ausland - die klassische Bank\u00fcberweisung. Sie \u00fcberweisen den Rechnungsbetrag auf unser Konto - nach Zahlungseingang wird Ihre Bestellung umgehend versendet.\r\n\r\nBankverbindung: <strong>mBank Polen<\/strong>\r\n\r\nKontoinhaber: <strong>Joanna Bu\u0142as<\/strong>\r\n\r\nEUR W\u00e4hrung: <strong>IBAN: PL 33 1140 2004 0000 3012 1201 2441<\/strong>\r\n\r\n<strong>BIC\/SWIFT: <\/strong><strong>BREXPLPWMBK<\/strong>\r\n\r\n&nbsp;\r\n<ol start=\"2\">\r\n \t<li><strong> PayPal:<\/strong><\/li>\r\n<\/ol>\r\nBezahle Ihre Bestellung einfach, schnell und sicher mit Paypal. Der Versand erfolgt unmittelbar nach Geldeingang! Um diese Zahlungsweise nutzen zu k\u00f6nnen, ben\u00f6tigen Sie lediglich ein Konto bei Paypal, welches schnell und kostenlos auf www.paypal.de eingerichtet ist. (Paypal Adresse: info.wonderdeer@gmail.com)\r\n\r\n<strong>Die Bestellung wird sofort nach Zahlungseingang versandt. Nat\u00fcrlich werden wir Sie auch \u00fcber jede Status\u00e4nderungen per E-Mail informieren.<\/strong>\r\n\r\n&nbsp;"},"uagb_featured_image_src":{"full":false,"thumbnail":false,"medium":false,"medium_large":false,"large":false,"1536x1536":false,"2048x2048":false,"trp-custom-language-flag":false},"uagb_author_info":{"display_name":"ncoder","author_link":"https:\/\/wonderdeer.pl\/de\/author\/ncoder\/"},"uagb_comment_info":0,"uagb_excerpt":null,"_links":{"self":[{"href":"https:\/\/wonderdeer.pl\/de\/wp-json\/wp\/v2\/pages\/1509","targetHints":{"allow":["GET"]}}],"collection":[{"href":"https:\/\/wonderdeer.pl\/de\/wp-json\/wp\/v2\/pages"}],"about":[{"href":"https:\/\/wonderdeer.pl\/de\/wp-json\/wp\/v2\/types\/page"}],"author":[{"embeddable":true,"href":"https:\/\/wonderdeer.pl\/de\/wp-json\/wp\/v2\/users\/1"}],"replies":[{"embeddable":true,"href":"https:\/\/wonderdeer.pl\/de\/wp-json\/wp\/v2\/comments?post=1509"}],"version-history":[{"count":2,"href":"https:\/\/wonderdeer.pl\/de\/wp-json\/wp\/v2\/pages\/1509\/revisions"}],"predecessor-version":[{"id":1511,"href":"https:\/\/wonderdeer.pl\/de\/wp-json\/wp\/v2\/pages\/1509\/revisions\/1511"}],"wp:attachment":[{"href":"https:\/\/wonderdeer.pl\/de\/wp-json\/wp\/v2\/media?parent=1509"}],"curies":[{"name":"wp","href":"https:\/\/api.w.org\/{rel}","templated":true}]}}